{"id":1409,"date":"2015-06-25T06:41:12","date_gmt":"2015-06-25T06:41:12","guid":{"rendered":"http:\/\/hnd-demo.detheme.com\/?page_id=1409"},"modified":"2022-08-29T23:06:20","modified_gmt":"2022-08-29T21:06:20","slug":"inspirationen","status":"publish","type":"page","link":"https:\/\/www.castka.at\/de\/inspirationen\/","title":{"rendered":"Inspirationen"},"content":{"rendered":"<p><div class=\"fusion-fullwidth fullwidth-box fusion-builder-row-1 fusion-flex-container nonhundred-percent-fullwidth non-hundred-percent-height-scrolling\" style=\"--awb-border-radius-top-left:0px;--awb-border-radius-top-right:0px;--awb-border-radius-bottom-right:0px;--awb-border-radius-bottom-left:0px;--awb-flex-wrap:wrap;\" ><div class=\"fusion-builder-row fusion-row fusion-flex-align-items-flex-start fusion-flex-content-wrap\" style=\"max-width:1144px;margin-left: calc(-4% \/ 2 );margin-right: calc(-4% \/ 2 );\"><div class=\"fusion-layout-column fusion_builder_column fusion-builder-column-0 fusion_builder_column_1_1 1_1 fusion-flex-column\" style=\"--awb-bg-blend:overlay;--awb-bg-size:cover;--awb-width-large:100%;--awb-margin-top-large:0px;--awb-spacing-right-large:1.92%;--awb-margin-bottom-large:0px;--awb-spacing-left-large:1.92%;--awb-width-medium:100%;--awb-spacing-right-medium:1.92%;--awb-spacing-left-medium:1.92%;--awb-width-small:100%;--awb-spacing-right-small:1.92%;--awb-spacing-left-small:1.92%;\"><div class=\"fusion-column-wrapper fusion-flex-justify-content-flex-start fusion-content-layout-column\"><div class=\"fusion-builder-row fusion-builder-row-inner fusion-row fusion-flex-align-items-flex-start fusion-flex-content-wrap\" style=\"--awb-flex-grow:0;--awb-flex-grow-medium:0;--awb-flex-grow-small:0;--awb-flex-shrink:0;--awb-flex-shrink-medium:0;--awb-flex-shrink-small:0;width:104% !important;max-width:104% !important;margin-left: calc(-4% \/ 2 );margin-right: calc(-4% \/ 2 );\"><div class=\"fusion-layout-column fusion_builder_column_inner fusion-builder-nested-column-0 fusion_builder_column_inner_1_2 1_2 fusion-flex-column\" style=\"--awb-bg-size:cover;--awb-width-large:50%;--awb-margin-top-large:0px;--awb-spacing-right-large:3.84%;--awb-margin-bottom-large:20px;--awb-spacing-left-large:3.84%;--awb-width-medium:100%;--awb-order-medium:0;--awb-spacing-right-medium:1.92%;--awb-spacing-left-medium:1.92%;--awb-width-small:100%;--awb-order-small:0;--awb-spacing-right-small:1.92%;--awb-spacing-left-small:1.92%;\"><div class=\"fusion-column-wrapper fusion-column-has-shadow fusion-flex-justify-content-flex-start fusion-content-layout-column\"><div class=\"fusion-text fusion-text-1\"><div id=\"section-1\" class=\"dt-section-head left size-xlarge\" dir=\"ltr\">\n<div>\n<h1 class=\"section-main-title\">INSPIRATIONEN<\/h1>\n<\/div>\n<\/div>\n<div class=\"wpb_text_column wpb_content_element vc_custom_1498820091594\">\n<div class=\"wpb_wrapper\">\n<h2>Es gibt 1001 M\u00f6glichkeiten und noch viel mehr ihre Lebensr\u00e4ume zu ganz pers\u00f6nlichen Wohlf\u00fchloasen zu gestalten. Hier finden Sie reichlich Inspiration \u2026<\/h2>\n<\/div>\n<\/div>\n<\/div><\/div><\/div><div class=\"fusion-layout-column fusion_builder_column_inner fusion-builder-nested-column-1 fusion_builder_column_inner_1_2 1_2 fusion-flex-column\" style=\"--awb-padding-top:35px;--awb-bg-size:cover;--awb-width-large:50%;--awb-margin-top-large:0px;--awb-spacing-right-large:3.84%;--awb-margin-bottom-large:20px;--awb-spacing-left-large:3.84%;--awb-width-medium:100%;--awb-order-medium:0;--awb-spacing-right-medium:1.92%;--awb-spacing-left-medium:1.92%;--awb-width-small:100%;--awb-order-small:0;--awb-spacing-right-small:1.92%;--awb-spacing-left-small:1.92%;\"><div class=\"fusion-column-wrapper fusion-column-has-shadow fusion-flex-justify-content-flex-start fusion-content-layout-column\"><div class=\"fusion-text fusion-text-2\"><p>Wir sind auf allen internationalen Messen und Ausstellungen f\u00fcr Sie als Trendscouts unterwegs und haben daher stets Neues wie Bew\u00e4hrtes im Gep\u00e4ck. Dabei beschr\u00e4nken wir uns nicht auf spezielle Stilrichtungen oder gar einzelne Lieferanten, sondern legen Ihnen die ganze Welt der Raumgestaltung zu F\u00fc\u00dfen. Gepaart mit unserer langj\u00e4hrigen Erfahrung und unserem fachlichen Know-how wollen wir f\u00fcr Sie der perfekte Partner f\u00fcr die Erf\u00fcllung Ihrer Wohntr\u00e4ume sein!<\/p>\n<\/div><\/div><\/div><\/div><\/div><\/div><\/div><\/div><div class=\"fusion-fullwidth fullwidth-box fusion-builder-row-2 has-pattern-background has-mask-background hundred-percent-fullwidth non-hundred-percent-height-scrolling fusion-equal-height-columns\" style=\"--awb-border-radius-top-left:0px;--awb-border-radius-top-right:0px;--awb-border-radius-bottom-right:0px;--awb-border-radius-bottom-left:0px;--awb-flex-wrap:wrap;\" ><div class=\"fusion-builder-row fusion-row\"><div class=\"fusion-layout-column fusion_builder_column fusion-builder-column-1 fusion_builder_column_1_3 1_3 fusion-one-third fusion-column-first\" style=\"--awb-bg-position:center top;--awb-bg-blend:overlay;--awb-bg-size:cover;width:33.333333333333%;width:calc(33.333333333333% - ( ( 20px + 20px ) * 0.33333333333333 ) );margin-right: 20px;\"><div class=\"fusion-column-wrapper fusion-column-has-shadow fusion-flex-column-wrapper-legacy\"><div class=\"fusion-image-element in-legacy-container\" style=\"--awb-aspect-ratio: 100 \/ 150;--awb-object-position:31% 29%;--awb-caption-title-color:var(--awb-color1);--awb-caption-overlay-color:rgba(0,0,0,0.8);--awb-caption-title-font-family:var(--h1_typography-font-family);--awb-caption-title-font-weight:var(--h1_typography-font-weight);--awb-caption-title-font-style:var(--h1_typography-font-style);--awb-caption-title-size:var(--h1_typography-font-size);--awb-caption-title-transform:var(--h1_typography-text-transform);--awb-caption-title-line-height:var(--h1_typography-line-height);--awb-caption-title-letter-spacing:var(--h1_typography-letter-spacing);\"><span class=\" fusion-imageframe imageframe-none imageframe-1 awb-imageframe-style awb-imageframe-style-resa has-aspect-ratio\"><a class=\"fusion-no-lightbox\" href=\"https:\/\/www.castka.at\/de\/?page_id=3628\" target=\"_self\"><img decoding=\"async\" width=\"800\" height=\"600\" src=\"https:\/\/www.castka.at\/de\/wp-content\/uploads\/2015\/06\/c-Romo_Elwin.jpg\" class=\"img-responsive wp-image-3046 img-with-aspect-ratio\" data-parent-fit=\"cover\" data-parent-container=\".fusion-image-element\" alt srcset=\"https:\/\/www.castka.at\/de\/wp-content\/uploads\/2015\/06\/c-Romo_Elwin-300x225.jpg 300w, https:\/\/www.castka.at\/de\/wp-content\/uploads\/2015\/06\/c-Romo_Elwin-320x240.jpg 320w, https:\/\/www.castka.at\/de\/wp-content\/uploads\/2015\/06\/c-Romo_Elwin-768x576.jpg 768w, https:\/\/www.castka.at\/de\/wp-content\/uploads\/2015\/06\/c-Romo_Elwin.jpg 800w\" sizes=\"(max-width: 800px) 100vw, 800px\" \/><div class=\"awb-imageframe-caption-container\"><div class=\"awb-imageframe-caption\"><h1 class=\"awb-imageframe-caption-title\">ORGANISCHER LOOK<\/h1><p class=\"awb-imageframe-caption-text\">MEHR DAZU<\/p><\/div><\/div><\/a><\/span><\/div><div class=\"fusion-clearfix\"><\/div><\/div><\/div><div class=\"fusion-layout-column fusion_builder_column fusion-builder-column-2 fusion_builder_column_1_3 1_3 fusion-one-third\" style=\"--awb-bg-size:cover;width:33.333333333333%;width:calc(33.333333333333% - ( ( 20px + 20px ) * 0.33333333333333 ) );margin-right: 20px;\"><div class=\"fusion-column-wrapper fusion-column-has-shadow fusion-flex-column-wrapper-legacy\"><div class=\"fusion-image-element in-legacy-container\" style=\"--awb-aspect-ratio: 100 \/ 64;--awb-object-position:17% 51%;--awb-margin-bottom:4%;--awb-caption-title-color:var(--awb-color1);--awb-caption-overlay-color:rgba(0,0,0,0.8);--awb-caption-title-font-family:var(--h1_typography-font-family);--awb-caption-title-font-weight:var(--h1_typography-font-weight);--awb-caption-title-font-style:var(--h1_typography-font-style);--awb-caption-title-size:var(--h1_typography-font-size);--awb-caption-title-transform:var(--h1_typography-text-transform);--awb-caption-title-line-height:var(--h1_typography-line-height);--awb-caption-title-letter-spacing:var(--h1_typography-letter-spacing);\"><span class=\" fusion-imageframe imageframe-none imageframe-2 awb-imageframe-style awb-imageframe-style-resa has-aspect-ratio\"><a class=\"fusion-no-lightbox\" href=\"https:\/\/www.castka.at\/de\/?page_id=3630\" target=\"_self\"><img decoding=\"async\" width=\"650\" height=\"907\" src=\"https:\/\/www.castka.at\/de\/wp-content\/uploads\/2015\/06\/teppich_01gr.jpg\" class=\"img-responsive wp-image-3244 img-with-aspect-ratio\" data-parent-fit=\"cover\" data-parent-container=\".fusion-image-element\" alt srcset=\"https:\/\/www.castka.at\/de\/wp-content\/uploads\/2015\/06\/teppich_01gr-172x240.jpg 172w, https:\/\/www.castka.at\/de\/wp-content\/uploads\/2015\/06\/teppich_01gr-215x300.jpg 215w, https:\/\/www.castka.at\/de\/wp-content\/uploads\/2015\/06\/teppich_01gr-413x576.jpg 413w, https:\/\/www.castka.at\/de\/wp-content\/uploads\/2015\/06\/teppich_01gr-550x768.jpg 550w, https:\/\/www.castka.at\/de\/wp-content\/uploads\/2015\/06\/teppich_01gr.jpg 650w\" sizes=\"(max-width: 650px) 100vw, 650px\" \/><div class=\"awb-imageframe-caption-container\"><div class=\"awb-imageframe-caption\"><h1 class=\"awb-imageframe-caption-title\">TEPPICH-WUNDER-WELTEN<\/h1><p class=\"awb-imageframe-caption-text\">MEHR DAZU<\/p><\/div><\/div><\/a><\/span><\/div><div class=\"fusion-image-element in-legacy-container\" style=\"--awb-aspect-ratio: 100 \/ 82;--awb-object-position:36% 47%;--awb-caption-title-color:var(--awb-color1);--awb-caption-overlay-color:rgba(0,0,0,0.8);--awb-caption-title-font-family:var(--h1_typography-font-family);--awb-caption-title-font-weight:var(--h1_typography-font-weight);--awb-caption-title-font-style:var(--h1_typography-font-style);--awb-caption-title-size:var(--h1_typography-font-size);--awb-caption-title-transform:var(--h1_typography-text-transform);--awb-caption-title-line-height:var(--h1_typography-line-height);--awb-caption-title-letter-spacing:var(--h1_typography-letter-spacing);\"><span class=\" fusion-imageframe imageframe-none imageframe-3 awb-imageframe-style awb-imageframe-style-resa has-aspect-ratio\"><a class=\"fusion-no-lightbox\" href=\"https:\/\/www.castka.at\/de\/?page_id=3632\" target=\"_self\"><img decoding=\"async\" width=\"800\" height=\"600\" src=\"https:\/\/www.castka.at\/de\/wp-content\/uploads\/2015\/06\/pf_prest_tap_04.jpg\" class=\"img-responsive wp-image-3264 img-with-aspect-ratio\" data-parent-fit=\"cover\" data-parent-container=\".fusion-image-element\" alt srcset=\"https:\/\/www.castka.at\/de\/wp-content\/uploads\/2015\/06\/pf_prest_tap_04-300x225.jpg 300w, https:\/\/www.castka.at\/de\/wp-content\/uploads\/2015\/06\/pf_prest_tap_04-320x240.jpg 320w, https:\/\/www.castka.at\/de\/wp-content\/uploads\/2015\/06\/pf_prest_tap_04-768x576.jpg 768w, https:\/\/www.castka.at\/de\/wp-content\/uploads\/2015\/06\/pf_prest_tap_04.jpg 800w\" sizes=\"(max-width: 800px) 100vw, 800px\" \/><div class=\"awb-imageframe-caption-container\"><div class=\"awb-imageframe-caption\"><h1 class=\"awb-imageframe-caption-title\">TAPETEN IM MITTELPUNKT<\/h1><p class=\"awb-imageframe-caption-text\">MEHR DAZU<\/p><\/div><\/div><\/a><\/span><\/div><div class=\"fusion-clearfix\"><\/div><\/div><\/div><div class=\"fusion-layout-column fusion_builder_column fusion-builder-column-3 fusion_builder_column_1_3 1_3 fusion-one-third fusion-column-last\" style=\"--awb-bg-position:center top;--awb-bg-blend:overlay;--awb-bg-size:cover;width:33.333333333333%;width:calc(33.333333333333% - ( ( 20px + 20px ) * 0.33333333333333 ) );\"><div class=\"fusion-column-wrapper fusion-column-has-shadow fusion-flex-column-wrapper-legacy\"><div class=\"fusion-image-element in-legacy-container\" style=\"--awb-aspect-ratio: 100 \/ 150;--awb-object-position:18% 43%;--awb-caption-title-color:var(--awb-color1);--awb-caption-overlay-color:rgba(0,0,0,0.8);--awb-caption-title-font-family:var(--h1_typography-font-family);--awb-caption-title-font-weight:var(--h1_typography-font-weight);--awb-caption-title-font-style:var(--h1_typography-font-style);--awb-caption-title-size:var(--h1_typography-font-size);--awb-caption-title-transform:var(--h1_typography-text-transform);--awb-caption-title-line-height:var(--h1_typography-line-height);--awb-caption-title-letter-spacing:var(--h1_typography-letter-spacing);\"><span class=\" fusion-imageframe imageframe-none imageframe-4 awb-imageframe-style awb-imageframe-style-resa has-aspect-ratio\"><a class=\"fusion-no-lightbox\" href=\"https:\/\/www.castka.at\/de\/?page_id=3634\" target=\"_self\" aria-label=\"pf_romo-04\"><img decoding=\"async\" width=\"650\" height=\"908\" src=\"https:\/\/www.castka.at\/de\/wp-content\/uploads\/2015\/06\/pf_romo-04.jpg\" class=\"img-responsive wp-image-3256 img-with-aspect-ratio\" data-parent-fit=\"cover\" data-parent-container=\".fusion-image-element\" alt srcset=\"https:\/\/www.castka.at\/de\/wp-content\/uploads\/2015\/06\/pf_romo-04-172x240.jpg 172w, https:\/\/www.castka.at\/de\/wp-content\/uploads\/2015\/06\/pf_romo-04-215x300.jpg 215w, https:\/\/www.castka.at\/de\/wp-content\/uploads\/2015\/06\/pf_romo-04-412x576.jpg 412w, https:\/\/www.castka.at\/de\/wp-content\/uploads\/2015\/06\/pf_romo-04-550x768.jpg 550w, https:\/\/www.castka.at\/de\/wp-content\/uploads\/2015\/06\/pf_romo-04.jpg 650w\" sizes=\"(max-width: 650px) 100vw, 650px\" \/><div class=\"awb-imageframe-caption-container\"><div class=\"awb-imageframe-caption\"><h1 class=\"awb-imageframe-caption-title\">ROMO: EIN HAUCH VON LUXUS<\/h1><p class=\"awb-imageframe-caption-text\">MEHR DAZU<\/p><\/div><\/div><\/a><\/span><\/div><div class=\"fusion-clearfix\"><\/div><\/div><\/div><\/div><\/div><\/p>\n","protected":false},"excerpt":{"rendered":"","protected":false},"author":1,"featured_media":0,"parent":0,"menu_order":0,"comment_status":"open","ping_status":"closed","template":"100-width.php","meta":{"footnotes":""},"class_list":["post-1409","page","type-page","status-publish","hentry"],"_links":{"self":[{"href":"https:\/\/www.castka.at\/de\/wp-json\/wp\/v2\/pages\/1409","targetHints":{"allow":["GET"]}}],"collection":[{"href":"https:\/\/www.castka.at\/de\/wp-json\/wp\/v2\/pages"}],"about":[{"href":"https:\/\/www.castka.at\/de\/wp-json\/wp\/v2\/types\/page"}],"author":[{"embeddable":true,"href":"https:\/\/www.castka.at\/de\/wp-json\/wp\/v2\/users\/1"}],"replies":[{"embeddable":true,"href":"https:\/\/www.castka.at\/de\/wp-json\/wp\/v2\/comments?post=1409"}],"version-history":[{"count":21,"href":"https:\/\/www.castka.at\/de\/wp-json\/wp\/v2\/pages\/1409\/revisions"}],"predecessor-version":[{"id":3648,"href":"https:\/\/www.castka.at\/de\/wp-json\/wp\/v2\/pages\/1409\/revisions\/3648"}],"wp:attachment":[{"href":"https:\/\/www.castka.at\/de\/wp-json\/wp\/v2\/media?parent=1409"}],"curies":[{"name":"wp","href":"https:\/\/api.w.org\/{rel}","templated":true}]}}