{"id":294,"date":"2015-06-08T01:06:10","date_gmt":"2015-06-07T23:06:10","guid":{"rendered":"http:\/\/hnd-demo.detheme.com\/?page_id=294"},"modified":"2022-08-30T18:48:29","modified_gmt":"2022-08-30T16:48:29","slug":"unsere-services","status":"publish","type":"page","link":"https:\/\/www.castka.at\/de\/unsere-services\/","title":{"rendered":"Services"},"content":{"rendered":"<p><div class=\"fusion-fullwidth fullwidth-box fusion-builder-row-1 fusion-flex-container has-pattern-background has-mask-background nonhundred-percent-fullwidth non-hundred-percent-height-scrolling\" style=\"--awb-border-radius-top-left:0px;--awb-border-radius-top-right:0px;--awb-border-radius-bottom-right:0px;--awb-border-radius-bottom-left:0px;--awb-flex-wrap:wrap;\" ><div class=\"fusion-builder-row fusion-row fusion-flex-align-items-flex-start fusion-flex-content-wrap\" style=\"max-width:1144px;margin-left: calc(-4% \/ 2 );margin-right: calc(-4% \/ 2 );\"><div class=\"fusion-layout-column fusion_builder_column fusion-builder-column-0 fusion_builder_column_1_1 1_1 fusion-flex-column\" style=\"--awb-bg-size:cover;--awb-width-large:100%;--awb-margin-top-large:0px;--awb-spacing-right-large:1.92%;--awb-margin-bottom-large:20px;--awb-spacing-left-large:1.92%;--awb-width-medium:100%;--awb-order-medium:0;--awb-spacing-right-medium:1.92%;--awb-spacing-left-medium:1.92%;--awb-width-small:100%;--awb-order-small:0;--awb-spacing-right-small:1.92%;--awb-spacing-left-small:1.92%;\"><div class=\"fusion-column-wrapper fusion-column-has-shadow fusion-flex-justify-content-flex-start fusion-content-layout-column\"><div class=\"fusion-builder-row fusion-builder-row-inner fusion-row fusion-flex-align-items-flex-start fusion-flex-content-wrap\" style=\"--awb-flex-grow:0;--awb-flex-grow-medium:0;--awb-flex-grow-small:0;--awb-flex-shrink:0;--awb-flex-shrink-medium:0;--awb-flex-shrink-small:0;width:104% !important;max-width:104% !important;margin-left: calc(-4% \/ 2 );margin-right: calc(-4% \/ 2 );\"><div class=\"fusion-layout-column fusion_builder_column_inner fusion-builder-nested-column-0 fusion_builder_column_inner_1_2 1_2 fusion-flex-column\" style=\"--awb-bg-size:cover;--awb-border-color:var(--awb-custom11);--awb-border-style:solid;--awb-width-large:50%;--awb-margin-top-large:0px;--awb-spacing-right-large:3.84%;--awb-margin-bottom-large:20px;--awb-spacing-left-large:3.84%;--awb-width-medium:100%;--awb-order-medium:0;--awb-spacing-right-medium:1.92%;--awb-spacing-left-medium:1.92%;--awb-width-small:100%;--awb-order-small:0;--awb-spacing-right-small:1.92%;--awb-spacing-left-small:1.92%;\"><div class=\"fusion-column-wrapper fusion-column-has-shadow fusion-flex-justify-content-flex-start fusion-content-layout-column\"><div class=\"fusion-title title fusion-title-1 fusion-sep-none fusion-title-text fusion-title-size-one fusion-animated\" style=\"--awb-margin-top-small:10px;--awb-margin-right-small:0px;--awb-margin-bottom-small:10px;--awb-margin-left-small:0px;\" data-animationType=\"slideInLeft\" data-animationDuration=\"1.0\" data-animationOffset=\"top-into-view\"><h1 class=\"fusion-title-heading title-heading-left fusion-responsive-typography-calculated\" style=\"margin:0;text-transform:uppercase;--fontSize:40;line-height:1.4;\"><p class=\"section-main-title\">UNSERE SERVICES<\/p><\/h1><\/div><div class=\"fusion-text fusion-text-1 fusion-animated\" data-animationType=\"slideInLeft\" data-animationDuration=\"1.5\" data-animationOffset=\"top-into-view\"><h2>Mit Erfahrung und Leidenschaft gestalten wir aus R\u00e4umen Landschaften zum Wohlf\u00fchlen.<\/h2>\n<\/div><\/div><\/div><div class=\"fusion-layout-column fusion_builder_column_inner fusion-builder-nested-column-1 fusion_builder_column_inner_1_2 1_2 fusion-flex-column\" style=\"--awb-bg-size:cover;--awb-width-large:50%;--awb-margin-top-large:0px;--awb-spacing-right-large:3.84%;--awb-margin-bottom-large:20px;--awb-spacing-left-large:3.84%;--awb-width-medium:100%;--awb-order-medium:0;--awb-spacing-right-medium:1.92%;--awb-spacing-left-medium:1.92%;--awb-width-small:100%;--awb-order-small:0;--awb-spacing-right-small:1.92%;--awb-spacing-left-small:1.92%;\"><div class=\"fusion-column-wrapper fusion-column-has-shadow fusion-flex-justify-content-flex-start fusion-content-layout-column\"><div class=\"fusion-text fusion-text-2 fusion-animated\" data-animationType=\"slideInRight\" data-animationDuration=\"1.5\" data-animationOffset=\"top-into-view\"><p>Es ist uns ein besonderes Anliegen, dass unsere Kunden unsere Hingabe und Servicequalit\u00e4t sp\u00fcren. Unsere langj\u00e4hrige Erfahrung und unsere umfassenden Branchenkenntnisse helfen uns, die W\u00fcnsche unserer Kunden optimal und fachgerecht umzusetzen. Durch regelm\u00e4\u00dfige Fortbildungen und \u00a0internationale Fachmessen sind wir stets am neuesten Stand aller Trends und Techniken.<\/p>\n<\/div><\/div><\/div><\/div><\/div><\/div><\/div><\/div><div class=\"fusion-fullwidth fullwidth-box fusion-builder-row-2 has-pattern-background has-mask-background nonhundred-percent-fullwidth non-hundred-percent-height-scrolling\" style=\"--awb-border-radius-top-left:0px;--awb-border-radius-top-right:0px;--awb-border-radius-bottom-right:0px;--awb-border-radius-bottom-left:0px;--awb-flex-wrap:wrap;\" ><div class=\"fusion-builder-row fusion-row\"><div class=\"fusion-layout-column fusion_builder_column fusion-builder-column-1 fusion_builder_column_1_1 1_1 fusion-one-full fusion-column-first fusion-column-last\" style=\"--awb-bg-size:cover;\"><div class=\"fusion-column-wrapper fusion-column-has-shadow fusion-flex-column-wrapper-legacy\"><div class=\"fusion-column-content-centered\"><div class=\"fusion-column-content\"><nav class=\"awb-menu awb-menu_row awb-menu_em-hover mobile-mode-collapse-to-button awb-menu_icons-left awb-menu_dc-yes mobile-trigger-fullwidth-off awb-menu_mobile-toggle awb-menu_indent-left mobile-size-full-absolute loading mega-menu-loading awb-menu_desktop awb-menu_dropdown awb-menu_expand-right awb-menu_transition-fade\" style=\"--awb-text-transform:uppercase;--awb-min-height:50px;--awb-gap:20px;--awb-align-items:center;--awb-border-color:var(--awb-color8);--awb-active-color:#6d0722;--awb-active-border-top:1px;--awb-active-border-bottom:1px;--awb-active-border-color:#6d0722;--awb-submenu-space:4px;--awb-main-justify-content:flex-start;--awb-mobile-justify:flex-start;--awb-mobile-caret-left:auto;--awb-mobile-caret-right:0;--awb-fusion-font-family-typography:inherit;--awb-fusion-font-style-typography:normal;--awb-fusion-font-weight-typography:400;--awb-fusion-font-family-submenu-typography:inherit;--awb-fusion-font-style-submenu-typography:normal;--awb-fusion-font-weight-submenu-typography:400;--awb-fusion-font-family-mobile-typography:inherit;--awb-fusion-font-style-mobile-typography:normal;--awb-fusion-font-weight-mobile-typography:400;\" aria-label=\"Services\" data-breakpoint=\"0\" data-count=\"0\" data-transition-type=\"center\" data-transition-time=\"300\" data-expand=\"right\"><ul id=\"menu-services\" class=\"fusion-menu awb-menu__main-ul awb-menu__main-ul_row\"><li  id=\"menu-item-3010\"  class=\"menu-item menu-item-type-post_type menu-item-object-page menu-item-3010 awb-menu__li awb-menu__main-li awb-menu__main-li_regular\"  data-item-id=\"3010\"><span class=\"awb-menu__main-background-default awb-menu__main-background-default_center\"><\/span><span class=\"awb-menu__main-background-active awb-menu__main-background-active_center\"><\/span><a  href=\"https:\/\/www.castka.at\/de\/unsere-services\/\" class=\"awb-menu__main-a awb-menu__main-a_regular\"><span class=\"menu-text\">\u00dcbersicht<\/span><\/a><\/li><li  id=\"menu-item-3694\"  class=\"menu-item menu-item-type-post_type menu-item-object-page menu-item-3694 awb-menu__li awb-menu__main-li awb-menu__main-li_regular\"  data-item-id=\"3694\"><span class=\"awb-menu__main-background-default awb-menu__main-background-default_center\"><\/span><span class=\"awb-menu__main-background-active awb-menu__main-background-active_center\"><\/span><a  href=\"https:\/\/www.castka.at\/de\/unsere-services\/interieur-ambiente\/\" class=\"awb-menu__main-a awb-menu__main-a_regular\"><span class=\"menu-text\">Interieur &#038; Ambiente<\/span><\/a><\/li><li  id=\"menu-item-3691\"  class=\"menu-item menu-item-type-post_type menu-item-object-page menu-item-3691 awb-menu__li awb-menu__main-li awb-menu__main-li_regular\"  data-item-id=\"3691\"><span class=\"awb-menu__main-background-default awb-menu__main-background-default_center\"><\/span><span class=\"awb-menu__main-background-active awb-menu__main-background-active_center\"><\/span><a  href=\"https:\/\/www.castka.at\/de\/unsere-services\/bodenkultur\/\" class=\"awb-menu__main-a awb-menu__main-a_regular\"><span class=\"menu-text\">Bodenkultur<\/span><\/a><\/li><li  id=\"menu-item-3739\"  class=\"menu-item menu-item-type-post_type menu-item-object-page menu-item-3739 awb-menu__li awb-menu__main-li awb-menu__main-li_regular\"  data-item-id=\"3739\"><span class=\"awb-menu__main-background-default awb-menu__main-background-default_center\"><\/span><span class=\"awb-menu__main-background-active awb-menu__main-background-active_center\"><\/span><a  href=\"https:\/\/www.castka.at\/de\/unsere-services\/wanddesign\/\" class=\"awb-menu__main-a awb-menu__main-a_regular\"><span class=\"menu-text\">Wanddesign<\/span><\/a><\/li><li  id=\"menu-item-3695\"  class=\"menu-item menu-item-type-post_type menu-item-object-page menu-item-3695 awb-menu__li awb-menu__main-li awb-menu__main-li_regular\"  data-item-id=\"3695\"><span class=\"awb-menu__main-background-default awb-menu__main-background-default_center\"><\/span><span class=\"awb-menu__main-background-active awb-menu__main-background-active_center\"><\/span><a  href=\"https:\/\/www.castka.at\/de\/unsere-services\/sonnenschutz\/\" class=\"awb-menu__main-a awb-menu__main-a_regular\"><span class=\"menu-text\">Sonnenschutz<\/span><\/a><\/li><li  id=\"menu-item-3693\"  class=\"menu-item menu-item-type-post_type menu-item-object-page menu-item-3693 awb-menu__li awb-menu__main-li awb-menu__main-li_regular\"  data-item-id=\"3693\"><span class=\"awb-menu__main-background-default awb-menu__main-background-default_center\"><\/span><span class=\"awb-menu__main-background-active awb-menu__main-background-active_center\"><\/span><a  href=\"https:\/\/www.castka.at\/de\/unsere-services\/homestaging\/\" class=\"awb-menu__main-a awb-menu__main-a_regular\"><span class=\"menu-text\">Homestaging<\/span><\/a><\/li><li  id=\"menu-item-3692\"  class=\"menu-item menu-item-type-post_type menu-item-object-page menu-item-3692 awb-menu__li awb-menu__main-li awb-menu__main-li_regular\"  data-item-id=\"3692\"><span class=\"awb-menu__main-background-default awb-menu__main-background-default_center\"><\/span><span class=\"awb-menu__main-background-active awb-menu__main-background-active_center\"><\/span><a  href=\"https:\/\/www.castka.at\/de\/unsere-services\/firmenkunden\/\" class=\"awb-menu__main-a awb-menu__main-a_regular\"><span class=\"menu-text\">Firmenkunden<\/span><\/a><\/li><\/ul><\/nav><\/div><\/div><div class=\"fusion-clearfix\"><\/div><\/div><\/div><\/div><\/div><div class=\"fusion-fullwidth fullwidth-box fusion-builder-row-3 fusion-flex-container has-pattern-background has-mask-background hundred-percent-fullwidth non-hundred-percent-height-scrolling\" style=\"--awb-border-radius-top-left:0px;--awb-border-radius-top-right:0px;--awb-border-radius-bottom-right:0px;--awb-border-radius-bottom-left:0px;--awb-flex-wrap:wrap;\" ><div class=\"fusion-builder-row fusion-row fusion-flex-align-items-flex-start fusion-flex-content-wrap\" style=\"width:104% !important;max-width:104% !important;margin-left: calc(-4% \/ 2 );margin-right: calc(-4% \/ 2 );\"><div class=\"fusion-layout-column fusion_builder_column fusion-builder-column-2 fusion_builder_column_1_1 1_1 fusion-flex-column\" style=\"--awb-bg-size:cover;--awb-width-large:100%;--awb-margin-top-large:0px;--awb-spacing-right-large:1.92%;--awb-margin-bottom-large:20px;--awb-spacing-left-large:1.92%;--awb-width-medium:100%;--awb-order-medium:0;--awb-spacing-right-medium:1.92%;--awb-spacing-left-medium:1.92%;--awb-width-small:100%;--awb-order-small:0;--awb-spacing-right-small:1.92%;--awb-spacing-left-small:1.92%;\"><div class=\"fusion-column-wrapper fusion-column-has-shadow fusion-flex-justify-content-flex-start fusion-content-layout-column\"><div class=\"fusion-builder-row fusion-builder-row-inner fusion-row fusion-flex-align-items-flex-start fusion-flex-content-wrap\" style=\"--awb-flex-grow:0;--awb-flex-grow-medium:0;--awb-flex-grow-small:0;--awb-flex-shrink:0;--awb-flex-shrink-medium:0;--awb-flex-shrink-small:0;width:104% !important;max-width:104% !important;margin-left: calc(-4% \/ 2 );margin-right: calc(-4% \/ 2 );\"><div class=\"fusion-layout-column fusion_builder_column_inner fusion-builder-nested-column-2 fusion_builder_column_inner_1_3 1_3 fusion-flex-column\" style=\"--awb-padding-top:300px;--awb-padding-bottom:300px;--awb-bg-image:url(&#039;https:\/\/www.castka.at\/de\/wp-content\/uploads\/2015\/06\/gallery_25-miroo.jpg&#039;);--awb-bg-size:cover;--awb-width-large:33.333333333333%;--awb-margin-top-large:0px;--awb-spacing-right-large:2.88%;--awb-margin-bottom-large:0px;--awb-spacing-left-large:0%;--awb-width-medium:100%;--awb-order-medium:0;--awb-spacing-right-medium:1.92%;--awb-spacing-left-medium:1.92%;--awb-width-small:100%;--awb-order-small:0;--awb-spacing-right-small:1.92%;--awb-spacing-left-small:1.92%;\"><div class=\"fusion-column-wrapper fusion-column-has-shadow fusion-flex-justify-content-flex-start fusion-content-layout-column fusion-column-has-bg-image\" data-bg-url=\"https:\/\/www.castka.at\/de\/wp-content\/uploads\/2015\/06\/gallery_25-miroo.jpg\"><div class=\"fusion-title title fusion-title-2 fusion-sep-none fusion-title-center fusion-title-text fusion-title-size-one\" style=\"--awb-text-color:var(--awb-color1);--awb-margin-top-small:10px;--awb-margin-right-small:0px;--awb-margin-bottom-small:10px;--awb-margin-left-small:0px;\"><h1 class=\"fusion-title-heading title-heading-center fusion-responsive-typography-calculated\" style=\"margin:0;text-transform:uppercase;--fontSize:40;line-height:1.4;\">BODENKULTUR<\/h1><\/div><div style=\"text-align:center;\"><a class=\"fusion-button button-flat button-large button-custom fusion-button-default button-1 fusion-button-default-span fusion-button-default-type\" style=\"--button_accent_color:#6d0722;--button_border_color:#6d0722;--button_accent_hover_color:#ffffff;--button_border_hover_color:#6d0722;--button_border_width-top:2px;--button_border_width-right:0px;--button_border_width-bottom:2px;--button_border_width-left:0px;--button_gradient_top_color:rgba(255,255,255,0.2);--button_gradient_bottom_color:rgba(255,255,255,0.2);--button_gradient_top_color_hover:#6d0722;--button_gradient_bottom_color_hover:#6d0722;\" target=\"_self\" href=\"https:\/\/www.castka.at\/de\/?page_id=3676\"><span class=\"fusion-button-text awb-button__text awb-button__text--default\">MEHR DAZU<\/span><\/a><\/div><\/div><\/div><div class=\"fusion-layout-column fusion_builder_column_inner fusion-builder-nested-column-3 fusion_builder_column_inner_1_3 1_3 fusion-flex-column\" style=\"--awb-padding-top:300px;--awb-padding-bottom:300px;--awb-bg-image:url(&#039;https:\/\/www.castka.at\/de\/wp-content\/uploads\/2015\/06\/woundwofaltstore3.png&#039;);--awb-bg-size:cover;--awb-width-large:33.333333333333%;--awb-margin-top-large:0px;--awb-spacing-right-large:2.88%;--awb-margin-bottom-large:0px;--awb-spacing-left-large:0%;--awb-width-medium:100%;--awb-order-medium:0;--awb-spacing-right-medium:1.92%;--awb-spacing-left-medium:1.92%;--awb-width-small:100%;--awb-order-small:0;--awb-spacing-right-small:1.92%;--awb-spacing-left-small:1.92%;\"><div class=\"fusion-column-wrapper fusion-column-has-shadow fusion-flex-justify-content-flex-start fusion-content-layout-column fusion-column-has-bg-image\" data-bg-url=\"https:\/\/www.castka.at\/de\/wp-content\/uploads\/2015\/06\/woundwofaltstore3.png\"><div class=\"fusion-title title fusion-title-3 fusion-sep-none fusion-title-center fusion-title-text fusion-title-size-one\" style=\"--awb-text-color:var(--awb-color1);--awb-margin-top-small:10px;--awb-margin-right-small:0px;--awb-margin-bottom-small:10px;--awb-margin-left-small:0px;\"><h1 class=\"fusion-title-heading title-heading-center fusion-responsive-typography-calculated\" style=\"margin:0;text-transform:uppercase;--fontSize:40;line-height:1.4;\">SONNENSCHUTZ<\/h1><\/div><div style=\"text-align:center;\"><a class=\"fusion-button button-flat button-large button-custom fusion-button-default button-2 fusion-button-default-span fusion-button-default-type\" style=\"--button_accent_color:#6d0722;--button_border_color:#6d0722;--button_accent_hover_color:#ffffff;--button_border_hover_color:#6d0722;--button_border_width-top:2px;--button_border_width-right:0px;--button_border_width-bottom:2px;--button_border_width-left:0px;--button_gradient_top_color:rgba(255,255,255,0.2);--button_gradient_bottom_color:rgba(255,255,255,0.2);--button_gradient_top_color_hover:#6d0722;--button_gradient_bottom_color_hover:#6d0722;\" target=\"_self\" href=\"https:\/\/www.castka.at\/de\/?page_id=3679\"><span class=\"fusion-button-text awb-button__text awb-button__text--default\">MEHR DAZU<\/span><\/a><\/div><\/div><\/div><div class=\"fusion-layout-column fusion_builder_column_inner fusion-builder-nested-column-4 fusion_builder_column_inner_1_3 1_3 fusion-flex-column\" style=\"--awb-padding-top:300px;--awb-padding-bottom:300px;--awb-bg-image:url(&#039;https:\/\/www.castka.at\/de\/wp-content\/uploads\/2015\/06\/c-Boehm.jpg&#039;);--awb-bg-size:cover;--awb-width-large:33.333333333333%;--awb-margin-top-large:0px;--awb-spacing-right-large:0%;--awb-margin-bottom-large:0px;--awb-spacing-left-large:0%;--awb-width-medium:100%;--awb-order-medium:0;--awb-spacing-right-medium:1.92%;--awb-spacing-left-medium:1.92%;--awb-width-small:100%;--awb-order-small:0;--awb-spacing-right-small:1.92%;--awb-spacing-left-small:1.92%;\"><div class=\"fusion-column-wrapper fusion-column-has-shadow fusion-flex-justify-content-flex-start fusion-content-layout-column fusion-column-has-bg-image\" data-bg-url=\"https:\/\/www.castka.at\/de\/wp-content\/uploads\/2015\/06\/c-Boehm.jpg\"><div class=\"fusion-title title fusion-title-4 fusion-sep-none fusion-title-center fusion-title-text fusion-title-size-one\" style=\"--awb-text-color:var(--awb-color1);--awb-margin-top-small:10px;--awb-margin-right-small:0px;--awb-margin-bottom-small:10px;--awb-margin-left-small:0px;\"><h1 class=\"fusion-title-heading title-heading-center fusion-responsive-typography-calculated\" style=\"margin:0;text-transform:uppercase;--fontSize:40;line-height:1.4;\">INTERIEUR &amp; AMBIENTE<\/h1><\/div><div style=\"text-align:center;\"><a class=\"fusion-button button-flat button-large button-custom fusion-button-default button-3 fusion-button-default-span fusion-button-default-type\" style=\"--button_accent_color:#6d0722;--button_border_color:#6d0722;--button_accent_hover_color:#ffffff;--button_border_hover_color:#6d0722;--button_border_width-top:2px;--button_border_width-right:0px;--button_border_width-bottom:2px;--button_border_width-left:0px;--button_gradient_top_color:rgba(255,255,255,0.2);--button_gradient_bottom_color:rgba(255,255,255,0.2);--button_gradient_top_color_hover:#6d0722;--button_gradient_bottom_color_hover:#6d0722;\" target=\"_self\" href=\"https:\/\/www.castka.at\/de\/?page_id=3674\"><span class=\"fusion-button-text awb-button__text awb-button__text--default\">MEHR DAZU<\/span><\/a><\/div><\/div><\/div><\/div><div class=\"fusion-builder-row fusion-builder-row-inner fusion-row fusion-flex-align-items-flex-start fusion-flex-content-wrap\" style=\"--awb-flex-grow:0;--awb-flex-grow-medium:0;--awb-flex-grow-small:0;--awb-flex-shrink:0;--awb-flex-shrink-medium:0;--awb-flex-shrink-small:0;width:104% !important;max-width:104% !important;margin-left: calc(-4% \/ 2 );margin-right: calc(-4% \/ 2 );\"><div class=\"fusion-layout-column fusion_builder_column_inner fusion-builder-nested-column-5 fusion_builder_column_inner_2_3 2_3 fusion-flex-column\" style=\"--awb-padding-top:150px;--awb-padding-bottom:150px;--awb-bg-image:url(&#039;https:\/\/www.castka.at\/de\/wp-content\/uploads\/2017\/06\/romo_05.jpg&#039;);--awb-bg-position:right center;--awb-bg-size:cover;--awb-width-large:66.666666666667%;--awb-margin-top-large:1%;--awb-spacing-right-large:1.44%;--awb-margin-bottom-large:0px;--awb-spacing-left-large:0%;--awb-width-medium:100%;--awb-order-medium:0;--awb-spacing-right-medium:1.92%;--awb-spacing-left-medium:1.92%;--awb-width-small:100%;--awb-order-small:0;--awb-spacing-right-small:1.92%;--awb-spacing-left-small:1.92%;\"><div class=\"fusion-column-wrapper fusion-column-has-shadow fusion-flex-justify-content-flex-start fusion-content-layout-column fusion-column-has-bg-image\" data-bg-url=\"https:\/\/www.castka.at\/de\/wp-content\/uploads\/2017\/06\/romo_05.jpg\"><div class=\"fusion-title title fusion-title-5 fusion-sep-none fusion-title-center fusion-title-text fusion-title-size-one\" style=\"--awb-text-color:var(--awb-color1);--awb-margin-top-small:10px;--awb-margin-right-small:0px;--awb-margin-bottom-small:10px;--awb-margin-left-small:0px;\"><h1 class=\"fusion-title-heading title-heading-center fusion-responsive-typography-calculated\" style=\"margin:0;text-transform:uppercase;--fontSize:40;line-height:1.4;\">HOMESTAGING<\/h1><\/div><div style=\"text-align:center;\"><a class=\"fusion-button button-flat button-large button-custom fusion-button-default button-4 fusion-button-default-span fusion-button-default-type\" style=\"--button_accent_color:#6d0722;--button_border_color:#6d0722;--button_accent_hover_color:#ffffff;--button_border_hover_color:#6d0722;--button_border_width-top:2px;--button_border_width-right:0px;--button_border_width-bottom:2px;--button_border_width-left:0px;--button_gradient_top_color:rgba(255,255,255,0.2);--button_gradient_bottom_color:rgba(255,255,255,0.2);--button_gradient_top_color_hover:#6d0722;--button_gradient_bottom_color_hover:#6d0722;\" target=\"_self\" href=\"https:\/\/www.castka.at\/de\/?page_id=3681\"><span class=\"fusion-button-text awb-button__text awb-button__text--default\">MEHR DAZU<\/span><\/a><\/div><\/div><\/div><div class=\"fusion-layout-column fusion_builder_column_inner fusion-builder-nested-column-6 fusion_builder_column_inner_1_3 1_3 fusion-flex-column\" style=\"--awb-padding-top:150px;--awb-padding-bottom:150px;--awb-bg-image:url(&#039;https:\/\/www.castka.at\/de\/wp-content\/uploads\/2017\/06\/gewerbe_prestigious-6.jpg&#039;);--awb-bg-position:center center;--awb-bg-size:cover;--awb-width-large:33.333333333333%;--awb-margin-top-large:1%;--awb-spacing-right-large:2.88%;--awb-margin-bottom-large:0px;--awb-spacing-left-large:0%;--awb-width-medium:100%;--awb-order-medium:0;--awb-spacing-right-medium:1.92%;--awb-spacing-left-medium:1.92%;--awb-width-small:100%;--awb-order-small:0;--awb-spacing-right-small:1.92%;--awb-spacing-left-small:1.92%;\"><div class=\"fusion-column-wrapper fusion-column-has-shadow fusion-flex-justify-content-flex-start fusion-content-layout-column fusion-column-has-bg-image\" data-bg-url=\"https:\/\/www.castka.at\/de\/wp-content\/uploads\/2017\/06\/gewerbe_prestigious-6.jpg\"><div class=\"fusion-title title fusion-title-6 fusion-sep-none fusion-title-center fusion-title-text fusion-title-size-one\" style=\"--awb-text-color:var(--awb-color1);--awb-margin-top-small:10px;--awb-margin-right-small:0px;--awb-margin-bottom-small:10px;--awb-margin-left-small:0px;\"><h1 class=\"fusion-title-heading title-heading-center fusion-responsive-typography-calculated\" style=\"margin:0;text-transform:uppercase;--fontSize:40;line-height:1.4;\">FIRMENKUNDEN<\/h1><\/div><div style=\"text-align:center;\"><a class=\"fusion-button button-flat button-large button-custom fusion-button-default button-5 fusion-button-default-span fusion-button-default-type\" style=\"--button_accent_color:#6d0722;--button_border_color:#6d0722;--button_accent_hover_color:#ffffff;--button_border_hover_color:#6d0722;--button_border_width-top:2px;--button_border_width-right:0px;--button_border_width-bottom:2px;--button_border_width-left:0px;--button_gradient_top_color:rgba(255,255,255,0.2);--button_gradient_bottom_color:rgba(255,255,255,0.2);--button_gradient_top_color_hover:#6d0722;--button_gradient_bottom_color_hover:#6d0722;\" target=\"_self\" href=\"https:\/\/www.castka.at\/de\/?page_id=3683\"><span class=\"fusion-button-text awb-button__text awb-button__text--default\">MEHR DAZU<\/span><\/a><\/div><\/div><\/div><\/div><\/div><\/div><\/div><\/div><\/p>\n","protected":false},"excerpt":{"rendered":"","protected":false},"author":1,"featured_media":0,"parent":0,"menu_order":0,"comment_status":"open","ping_status":"closed","template":"100-width.php","meta":{"footnotes":""},"class_list":["post-294","page","type-page","status-publish","hentry"],"_links":{"self":[{"href":"https:\/\/www.castka.at\/de\/wp-json\/wp\/v2\/pages\/294","targetHints":{"allow":["GET"]}}],"collection":[{"href":"https:\/\/www.castka.at\/de\/wp-json\/wp\/v2\/pages"}],"about":[{"href":"https:\/\/www.castka.at\/de\/wp-json\/wp\/v2\/types\/page"}],"author":[{"embeddable":true,"href":"https:\/\/www.castka.at\/de\/wp-json\/wp\/v2\/users\/1"}],"replies":[{"embeddable":true,"href":"https:\/\/www.castka.at\/de\/wp-json\/wp\/v2\/comments?post=294"}],"version-history":[{"count":10,"href":"https:\/\/www.castka.at\/de\/wp-json\/wp\/v2\/pages\/294\/revisions"}],"predecessor-version":[{"id":3707,"href":"https:\/\/www.castka.at\/de\/wp-json\/wp\/v2\/pages\/294\/revisions\/3707"}],"wp:attachment":[{"href":"https:\/\/www.castka.at\/de\/wp-json\/wp\/v2\/media?parent=294"}],"curies":[{"name":"wp","href":"https:\/\/api.w.org\/{rel}","templated":true}]}}