{"id":3396,"date":"2018-05-20T15:24:38","date_gmt":"2018-05-20T13:24:38","guid":{"rendered":"http:\/\/www.castka.at\/de\/?page_id=3396"},"modified":"2022-08-29T11:21:28","modified_gmt":"2022-08-29T09:21:28","slug":"datenschutz","status":"publish","type":"page","link":"https:\/\/www.castka.at\/de\/datenschutz\/","title":{"rendered":"Datenschutz"},"content":{"rendered":"<div class=\"fusion-fullwidth fullwidth-box fusion-builder-row-1 fusion-flex-container nonhundred-percent-fullwidth non-hundred-percent-height-scrolling\" style=\"--awb-border-radius-top-left:0px;--awb-border-radius-top-right:0px;--awb-border-radius-bottom-right:0px;--awb-border-radius-bottom-left:0px;--awb-flex-wrap:wrap;\" ><div class=\"fusion-builder-row fusion-row fusion-flex-align-items-flex-start fusion-flex-content-wrap\" style=\"max-width:1144px;margin-left: calc(-4% \/ 2 );margin-right: calc(-4% \/ 2 );\"><div class=\"fusion-layout-column fusion_builder_column fusion-builder-column-0 fusion_builder_column_1_1 1_1 fusion-flex-column\" style=\"--awb-bg-size:cover;--awb-width-large:100%;--awb-margin-top-large:0px;--awb-spacing-right-large:1.92%;--awb-margin-bottom-large:0px;--awb-spacing-left-large:1.92%;--awb-width-medium:100%;--awb-spacing-right-medium:1.92%;--awb-spacing-left-medium:1.92%;--awb-width-small:100%;--awb-spacing-right-small:1.92%;--awb-spacing-left-small:1.92%;\"><div class=\"fusion-column-wrapper fusion-flex-justify-content-flex-start fusion-content-layout-column\"><div class=\"fusion-text fusion-text-1\"><h2>Datenschutzerkl\u00e4rung<\/h2>\n<p>Raumausstatter Castka e.U.mit Sitz in 3500 Krems, Lederergasse 7 nimmt den Schutz Ihrer pers\u00f6nlichen Daten sehr ernst. S\u00e4mtliche Daten werden auf Grundlage der gesetzlichen Bestimmungen (DSGVO, TKG 2003) verarbeitet. In dieser Datenschutzerkl\u00e4rung finden Sie erl\u00e4utert, wie, wozu und wann personenbezogene Daten im Onlineangebot auf www.castka.at abgefragt werden.<\/p>\n<p><strong>1. Weitergabe personenbezogener Daten an Dritte<\/strong><br \/>\n1.1. Raumausstatter Castka e.U. gibt personenbezogene Daten nur dann weiter, wenn es aus wirtschaftlichen oder rechtlichen Gr\u00fcnden erforderlich ist (Steuerberater, Warenlieferung, E-Mailadresse f\u00fcr Kontakt). Dies erfolgt stets unter Einhaltung gr\u00f6\u00dftm\u00f6glicher Sicherheitsma\u00dfnahmen (verschl\u00fcsselte Daten\u00fcbertragung) und der rechtlichen Anforderungen. Mit allen Drittanbietern, an die personenbezogene Daten weitergegeben werden, hat Raumausstatter Castka e.U. einen entsprechenden Vertrag zur ordnungsgem\u00e4\u00dfen und sicheren Auftragsdatenverarbeitung abgeschlossen, sofern dies nicht ohnehin bereits rechtlich geregelt ist.<\/p>\n<p><strong>2. Kontakt, Logfiles<\/strong><br \/>\n2.1. Wenn Sie \u00fcber das Formular auf der Website oder per E-Mail Kontakt mit Raumausstatter Castka e.U. aufnehmen, werden Ihre angegebenen Daten zur Bearbeitung gespeichert. Diese Daten werden nicht ohne Ihre Einwilligung weitergegeben.<br \/>\n2.2. Auf dem Server werden aufgrund berechtigten Interesses (DSGVO Art. 6) \u00fcber jeden Zugriff sogenannte Serverlogfiles gespeichert. Sie umfassen die URL der aufgerufenen Website, Dateien, Datum und Uhrzeit, Datenmenge, Browsertyp und Version sowie Betriebssystem, die URL zuvor besuchter Seite von der einem Link gefolgt wurde, IP-Adresse und Provider. Diese Daten werden zur Sicherheit vor allf\u00e4lligem Betrug oder Missbrauch gespeichert und danach gel\u00f6scht.<\/p>\n<p><strong>3. Sicherheit<\/strong><br \/>\n3.1. Raumausstatter Castka e.U. sorgt in ihrem Onlineangebot f\u00fcr eine verschl\u00fcsselte \u00dcbertragung von Daten und f\u00fcr s\u00e4mtliche technischen Ma\u00dfnahmen um die Vorschriften der Datenschutzgrundverordnung nach dem jeweils aktuellen Stand der Technik einzuhalten, um alle Daten bestm\u00f6glich zu sch\u00fctzen.<\/p>\n<p><strong>4. Cookies<\/strong><br \/>\n4.1. Die Website verwendet sogenannte Cookies. Dabei handelt es sich um kleine Textdateien, die mit Hilfe des Browsers auf Ihrem Endger\u00e4t abgelegt werden. Sie richten keinen Schaden an, sondern dienen dazu, das Angebot nutzerfreundlich zu gestalten.<br \/>\n4.2. Einige Cookies bleiben auf Ihrem Endger\u00e4t gespeichert, bis Sie diese l\u00f6schen. Sie erm\u00f6glichen, Ihren Browser beim n\u00e4chsten Besuch wiederzuerkennen. Wenn Sie dies nicht w\u00fcnschen, k\u00f6nnen Sie in den Einstellungen Ihres Browsers das Setzen von Cookies einstellen. Die Deaktivierung von Cookies kann die Funktionalit\u00e4t der Website einschr\u00e4nken.<\/p>\n<p><strong>5. Social Media<\/strong><br \/>\n5.1. Raumausstatter Castka e.U. verwendet aufgrund ihres berechtigten Interesses (DSGVO Abs. 6) Plug-ins der Social Media-Plattform Facebook in Form einer Verlinkung zu ihrer Facebook-Seite. Das Plug-in ist am Facebook-\u201ef\u201c erkennbar.<br \/>\n5.2. Da Facebook als US-Unternehmen nicht der EU-Datenschutzrichtlinie unterliegt, nimmt<br \/>\ndas Unternehmen am Privacy-Shield-Abkommen (<a href=\"http:\/\/www.privacyshield.gov\" target=\"_blank\" rel=\"noopener\">www.privacyshield.gov<\/a>) teil und garantiert damit, sich an den europ\u00e4ischen Datenschutz zu halten.<br \/>\n5.3. Wird vom Nutzer ein Plug-in von Facebook aufgerufen, wird eine Verbindung zu einem Facebook-Server aufgebaut. Dabei k\u00f6nnen Nutzerdaten \u00fcbermittelt werden, auf die Raumausstatter Castka e.U. jedoch keinen Einfluss hat.<br \/>\n5.4. Ist ein Nutzer selbst bei Facebook registriert, kann Facebook bei Aufruf des Plug-ins eine direkte Verbindung zum Nutzerkonto herstellen. M\u00f6chte ein Nutzer dies nicht, muss er sich auf der Facebook-Plattform ausloggen und seine Cookies im Browser l\u00f6schen.<br \/>\n5.5. Auch wenn ein Nutzer kein Facebook-Mitglied ist, k\u00f6nnen Daten \u00fcbertragen werden. Facebook gibt derzeit an, dass die IP-Adresse anonym gespeichert wird. Informationen zum Datenschutz von Facebook finden Sie hier: <a href=\"http:\/\/www.facebook.com\/about\/privacy\" target=\"_blank\" rel=\"noopener\">www.facebook.com\/about\/privacy<\/a><\/p>\n<p><strong>6. Dienste Dritter<\/strong><br \/>\n6.1. Raumausstatter Castka e.U. geht mit dem Einsatz von Drittanbietern \u00e4u\u00dferst sorgf\u00e4ltig um. Drittanbieter k\u00f6nnen &#8222;web beacons&#8220; zu statistischen und marketingorientierten Zwecken verwenden, die in Cookies auf dem Nutzerger\u00e4t gespeichert werden und unter anderem technische Informationen zum Browser und Betriebssystem, verweisende Webseiten, Besuchszeit sowie weitere Angaben zur Nutzung unseres Onlineangebotes enthalten, als auch mit solchen Informationen aus anderen Quellen verbunden werden k\u00f6nnen. Siehe auch Punkt 4.<br \/>\n6.2. Folgende Drittdienste sind im Einsatz:<br \/>\n&#8211; Schriften: Zur Optimierung der Website verwendet Raumausstatter Castka e.U. externe Schriftarten, sogenannte Google Fonts von Google, Inc.,. Damit diese Schriften im Web eingebunden werden k\u00f6nnen, werden sie lokal am Server f\u00fcr unsere Website gespeichert. Es erfolgt kein Serveraufruf bei Google. Google unterliegt dem Privacy Shield (<a href=\"http:\/\/www.privacyshield.gov\" target=\"_blank\" rel=\"noopener\">www.privacyshield.gov<\/a>).<br \/>\n&#8211; Google-Map: Um Nutzern Lage und Anfahrtsweg inklusive der direkten M\u00f6glichkeit einer Routenplanung anzuzeigen, setzt Raumausstatter Castka e.U. den Plan von Google Maps ein. Google unterliegt dem Privacy Shield (<a href=\"http:\/\/www.privacyshield.gov\" target=\"_blank\" rel=\"noopener\">www.privacyshield.gov<\/a>).<br \/>\n&#8211; jQuery: Einige Funktionen erfordern den Einsatz von JavaScript, der von jQuery Foundation, <a href=\"https:\/\/jquery.org\" target=\"_blank\" rel=\"noopener\">https:\/\/jquery.org<\/a>. zur Verf\u00fcgung gestellt wird.<br \/>\n6.3. Im Bereich \u201eInspirationen\u201c (Blog) besteht f\u00fcr Nutzer die M\u00f6glichkeit, einen Beitrag zu teilen. Das bedeutet, dass Raumausstatter Castka e.U. Funktionen der einzelnen Dienste zur Verf\u00fcgung stellt. Durch Teilen wird das Profil des Nutzers beim betreffenden Dienst aufgerufen. Raumausstatter Castka e.U. hat weder Einfluss noch Kenntnis \u00fcber die bei diesem Vorgang \u00fcbermittelten Daten und deren Nutzung. Folgende Verkn\u00fcpfungen zu Drittanbietern werden zur Verf\u00fcgung gestellt: Facebook, Twitter, Google+, LinkedIn.<\/p>\n<p><strong>7. Rechte der Nutzer<\/strong><br \/>\n7.1. Jedem Nutzer steht das Recht auf kostenlose Auskunft, Berichtigung, L\u00f6schung, Einschr\u00e4nkung, Daten\u00fcbertragbarkeit, Widerruf und Widerspruch zu.<br \/>\n7.2. Nutzer k\u00f6nnen ihre Einwilligung zur Verarbeitung von personenbezogenen Daten jederzeit widerrufen bzw. auch der k\u00fcnftigen Verarbeitung personenbezogener Daten \u2013 entsprechend den gesetzlichen Bestimmungen \u2013 widersprechen. Dies gilt besonders f\u00fcr Werbezwecke.<br \/>\n7.3. \u00a0Im Falle einer unrechtm\u00e4\u00dfigen Verwendung oder Verarbeitung von Daten hat der Nutzer das Recht, bei der Datenschutzbeh\u00f6rde Beschwerde einzureichen.<\/p>\n<p><strong>8. Aufbewahrung und L\u00f6schung<\/strong><br \/>\n8.1. Raumausstatter Castka e.U. speichert personenbezogene Daten zur Beantwortung Ihrer Nachrichten \u00fcber das Kontaktformular, f\u00fcr den Versand von Newslettern und um der gesetzlichen und steuerrechtlichen Aufbewahrungsfrist zu entsprechen. Nach Ablauf der rechtlichen Fristen werden gespeicherte Daten gel\u00f6scht. Daten, die nur mehr der rechtlichen Aufbewahrungsfrist unterliegen, werden den rechtlichen Anforderungen entsprechend sicher verwahrt.<\/p>\n<p><strong>9. \u00c4nderungen<\/strong><br \/>\n9.1. Raumausstatter Castka e.U. beh\u00e4lt sich vor, die vorliegende Datenschutzerkl\u00e4rung jederzeit an ge\u00e4nderte Voraussetzungen, Dienste und Rechtslagen anzupassen. Es gilt die jeweils aktuell auf www.castka.at ver\u00f6ffentlichte Fassung der Datenschutzerkl\u00e4rung.<\/p>\n<p><strong>10. Kontakt zu uns<\/strong><br \/>\nSchriftlich: Raumausstatter Castka e.U., 3500 Krems, Lederergasse 7<br \/>\nTelefonisch: 0664 83 68 0 69<br \/>\nper E-Mail: <a href=\"mailto:office@castka.at\">office@castka.at<\/a><\/p>\n<p>Krems, 18.5.2018<\/p>\n<\/div><\/div><\/div><\/div><\/div>\n","protected":false},"excerpt":{"rendered":"","protected":false},"author":1,"featured_media":0,"parent":0,"menu_order":0,"comment_status":"closed","ping_status":"closed","template":"","meta":{"footnotes":""},"class_list":["post-3396","page","type-page","status-publish","hentry"],"_links":{"self":[{"href":"https:\/\/www.castka.at\/de\/wp-json\/wp\/v2\/pages\/3396","targetHints":{"allow":["GET"]}}],"collection":[{"href":"https:\/\/www.castka.at\/de\/wp-json\/wp\/v2\/pages"}],"about":[{"href":"https:\/\/www.castka.at\/de\/wp-json\/wp\/v2\/types\/page"}],"author":[{"embeddable":true,"href":"https:\/\/www.castka.at\/de\/wp-json\/wp\/v2\/users\/1"}],"replies":[{"embeddable":true,"href":"https:\/\/www.castka.at\/de\/wp-json\/wp\/v2\/comments?post=3396"}],"version-history":[{"count":2,"href":"https:\/\/www.castka.at\/de\/wp-json\/wp\/v2\/pages\/3396\/revisions"}],"predecessor-version":[{"id":3532,"href":"https:\/\/www.castka.at\/de\/wp-json\/wp\/v2\/pages\/3396\/revisions\/3532"}],"wp:attachment":[{"href":"https:\/\/www.castka.at\/de\/wp-json\/wp\/v2\/media?parent=3396"}],"curies":[{"name":"wp","href":"https:\/\/api.w.org\/{rel}","templated":true}]}}