{"id":3628,"date":"2022-08-29T22:56:55","date_gmt":"2022-08-29T20:56:55","guid":{"rendered":"https:\/\/www.castka.at\/de\/avada\/?page_id=3628"},"modified":"2022-08-30T15:54:33","modified_gmt":"2022-08-30T13:54:33","slug":"organic","status":"publish","type":"page","link":"https:\/\/www.castka.at\/de\/inspirationen\/organic\/","title":{"rendered":"Organic"},"content":{"rendered":"<p><div class=\"fusion-fullwidth fullwidth-box fusion-builder-row-1 fusion-flex-container has-pattern-background has-mask-background nonhundred-percent-fullwidth non-hundred-percent-height-scrolling\" style=\"--awb-border-radius-top-left:0px;--awb-border-radius-top-right:0px;--awb-border-radius-bottom-right:0px;--awb-border-radius-bottom-left:0px;--awb-flex-wrap:wrap;\" ><div class=\"fusion-builder-row fusion-row fusion-flex-align-items-flex-start fusion-flex-content-wrap\" style=\"max-width:1144px;margin-left: calc(-4% \/ 2 );margin-right: calc(-4% \/ 2 );\"><div class=\"fusion-layout-column fusion_builder_column fusion-builder-column-0 fusion_builder_column_1_1 1_1 fusion-flex-column\" style=\"--awb-bg-size:cover;--awb-width-large:100%;--awb-margin-top-large:0px;--awb-spacing-right-large:1.92%;--awb-margin-bottom-large:20px;--awb-spacing-left-large:1.92%;--awb-width-medium:100%;--awb-order-medium:0;--awb-spacing-right-medium:1.92%;--awb-spacing-left-medium:1.92%;--awb-width-small:100%;--awb-order-small:0;--awb-spacing-right-small:1.92%;--awb-spacing-left-small:1.92%;\"><div class=\"fusion-column-wrapper fusion-column-has-shadow fusion-flex-justify-content-flex-start fusion-content-layout-column\"><div class=\"fusion-builder-row fusion-builder-row-inner fusion-row fusion-flex-align-items-flex-start fusion-flex-content-wrap\" style=\"--awb-flex-grow:0;--awb-flex-grow-medium:0;--awb-flex-grow-small:0;--awb-flex-shrink:0;--awb-flex-shrink-medium:0;--awb-flex-shrink-small:0;width:104% !important;max-width:104% !important;margin-left: calc(-4% \/ 2 );margin-right: calc(-4% \/ 2 );\"><div class=\"fusion-layout-column fusion_builder_column_inner fusion-builder-nested-column-0 fusion_builder_column_inner_1_2 1_2 fusion-flex-column\" style=\"--awb-bg-size:cover;--awb-border-color:var(--awb-custom11);--awb-border-style:solid;--awb-width-large:50%;--awb-margin-top-large:0px;--awb-spacing-right-large:3.84%;--awb-margin-bottom-large:20px;--awb-spacing-left-large:3.84%;--awb-width-medium:100%;--awb-order-medium:0;--awb-spacing-right-medium:1.92%;--awb-spacing-left-medium:1.92%;--awb-width-small:100%;--awb-order-small:0;--awb-spacing-right-small:1.92%;--awb-spacing-left-small:1.92%;\"><div class=\"fusion-column-wrapper fusion-column-has-shadow fusion-flex-justify-content-flex-start fusion-content-layout-column\"><div class=\"fusion-title title fusion-title-1 fusion-sep-none fusion-title-text fusion-title-size-one fusion-animated\" style=\"--awb-margin-top-small:10px;--awb-margin-right-small:0px;--awb-margin-bottom-small:10px;--awb-margin-left-small:0px;\" data-animationType=\"slideInLeft\" data-animationDuration=\"1.0\" data-animationOffset=\"top-into-view\"><h1 class=\"fusion-title-heading title-heading-left fusion-responsive-typography-calculated\" style=\"margin:0;text-transform:uppercase;--fontSize:40;line-height:1.4;\"><p class=\"section-main-title\">NATURVERBUNDEN<\/p><\/h1><\/div><div class=\"fusion-text fusion-text-1 fusion-animated\" data-animationType=\"slideInLeft\" data-animationDuration=\"1.5\" data-animationOffset=\"top-into-view\"><h2>Eine au\u00dfergew\u00f6hnliche Kollektion in\u00a0organischem Look mit texturierter Qualit\u00e4t, die\u00a0Garnen von weicher Chenille bis zu nat\u00fcrlichem Leinen verm\u00e4hlt.<\/h2>\n<\/div><\/div><\/div><div class=\"fusion-layout-column fusion_builder_column_inner fusion-builder-nested-column-1 fusion_builder_column_inner_1_2 1_2 fusion-flex-column\" style=\"--awb-bg-size:cover;--awb-width-large:50%;--awb-margin-top-large:0px;--awb-spacing-right-large:3.84%;--awb-margin-bottom-large:20px;--awb-spacing-left-large:3.84%;--awb-width-medium:100%;--awb-order-medium:0;--awb-spacing-right-medium:1.92%;--awb-spacing-left-medium:1.92%;--awb-width-small:100%;--awb-order-small:0;--awb-spacing-right-small:1.92%;--awb-spacing-left-small:1.92%;\"><div class=\"fusion-column-wrapper fusion-column-has-shadow fusion-flex-justify-content-flex-start fusion-content-layout-column\"><div class=\"fusion-text fusion-text-2 fusion-animated\" style=\"--awb-margin-top:4%;\" data-animationType=\"slideInRight\" data-animationDuration=\"1.5\" data-animationOffset=\"top-into-view\"><p>Hier verbindet sich abstraktes, geometrisches Design mit\u00a0verf\u00fchrerischem Pixelmuster in einer sorgf\u00e4ltig ausgew\u00e4hlten Farbpalette von neutralen bis dunklen Kohlet\u00f6nen, Moosgr\u00fcn, zartem Pink und dunklem Orange. Strapazierf\u00e4higes Gewebe im gut kombinierbaren\u00a0Mix aus zeitgem\u00e4\u00dfen Farben und vielseitigem Design \u2013 besonders gut auch f\u00fcr Besprechungsr\u00e4ume und Ordinationen geeignet.<\/p>\n<\/div><\/div><\/div><\/div><\/div><\/div><\/div><\/div><div class=\"fusion-fullwidth fullwidth-box fusion-builder-row-2 has-pattern-background has-mask-background nonhundred-percent-fullwidth non-hundred-percent-height-scrolling fusion-equal-height-columns\" style=\"--awb-border-radius-top-left:0px;--awb-border-radius-top-right:0px;--awb-border-radius-bottom-right:0px;--awb-border-radius-bottom-left:0px;--awb-flex-wrap:wrap;\" ><div class=\"fusion-builder-row fusion-row\"><div class=\"fusion-layout-column fusion_builder_column fusion-builder-column-1 fusion_builder_column_1_2 1_2 fusion-one-half fusion-column-first\" style=\"--awb-bg-position:center top;--awb-bg-blend:overlay;--awb-bg-size:cover;width:50%;width:calc(50% - ( ( 20px ) * 0.5 ) );margin-right: 20px;\"><div class=\"fusion-column-wrapper fusion-column-has-shadow fusion-flex-column-wrapper-legacy\"><div class=\"fusion-image-element in-legacy-container\" style=\"--awb-aspect-ratio: 100 \/ 150;--awb-object-position:31% 29%;--awb-caption-title-color:var(--awb-color1);--awb-caption-overlay-color:rgba(0,0,0,0.8);--awb-caption-title-font-family:var(--h1_typography-font-family);--awb-caption-title-font-weight:var(--h1_typography-font-weight);--awb-caption-title-font-style:var(--h1_typography-font-style);--awb-caption-title-size:var(--h1_typography-font-size);--awb-caption-title-transform:var(--h1_typography-text-transform);--awb-caption-title-line-height:var(--h1_typography-line-height);--awb-caption-title-letter-spacing:var(--h1_typography-letter-spacing);\"><span class=\" fusion-imageframe imageframe-none imageframe-1 awb-imageframe-style awb-imageframe-style-resa has-aspect-ratio\"><a href=\"https:\/\/www.castka.at\/de\/wp-content\/uploads\/2015\/06\/pf_romo-stoff-2.jpg\" class=\"fusion-lightbox\" data-rel=\"iLightbox[357f16f399de36ad542]\"><img decoding=\"async\" width=\"800\" height=\"601\" src=\"https:\/\/www.castka.at\/de\/wp-content\/uploads\/2015\/06\/pf_romo-stoff-2.jpg\" class=\"img-responsive wp-image-3273 img-with-aspect-ratio\" data-parent-fit=\"cover\" data-parent-container=\".fusion-image-element\" alt srcset=\"https:\/\/www.castka.at\/de\/wp-content\/uploads\/2015\/06\/pf_romo-stoff-2-300x225.jpg 300w, https:\/\/www.castka.at\/de\/wp-content\/uploads\/2015\/06\/pf_romo-stoff-2-320x240.jpg 320w, https:\/\/www.castka.at\/de\/wp-content\/uploads\/2015\/06\/pf_romo-stoff-2-768x576.jpg 768w, https:\/\/www.castka.at\/de\/wp-content\/uploads\/2015\/06\/pf_romo-stoff-2.jpg 800w\" sizes=\"(max-width: 800px) 100vw, 800px\" \/><div class=\"awb-imageframe-caption-container\"><div class=\"awb-imageframe-caption\"><\/div><\/div><\/a><\/span><\/div><div class=\"fusion-clearfix\"><\/div><\/div><\/div><div class=\"fusion-layout-column fusion_builder_column fusion-builder-column-2 fusion_builder_column_1_2 1_2 fusion-one-half fusion-column-last\" style=\"--awb-bg-size:cover;width:50%;width:calc(50% - ( ( 20px ) * 0.5 ) );\"><div class=\"fusion-column-wrapper fusion-column-has-shadow fusion-flex-column-wrapper-legacy\"><div class=\"fusion-image-element in-legacy-container\" style=\"--awb-aspect-ratio: 100 \/ 64;--awb-margin-bottom:20px;--awb-caption-title-color:var(--awb-color1);--awb-caption-overlay-color:rgba(0,0,0,0.8);--awb-caption-title-font-family:var(--h1_typography-font-family);--awb-caption-title-font-weight:var(--h1_typography-font-weight);--awb-caption-title-font-style:var(--h1_typography-font-style);--awb-caption-title-size:var(--h1_typography-font-size);--awb-caption-title-transform:var(--h1_typography-text-transform);--awb-caption-title-line-height:var(--h1_typography-line-height);--awb-caption-title-letter-spacing:var(--h1_typography-letter-spacing);\"><span class=\" fusion-imageframe imageframe-none imageframe-2 awb-imageframe-style awb-imageframe-style-resa has-aspect-ratio\"><a href=\"https:\/\/www.castka.at\/de\/wp-content\/uploads\/2015\/06\/pf_romo-stoff-4.jpg\" class=\"fusion-lightbox\" data-rel=\"iLightbox[395976f599b97c51fea]\"><img decoding=\"async\" width=\"600\" height=\"801\" src=\"https:\/\/www.castka.at\/de\/wp-content\/uploads\/2015\/06\/pf_romo-stoff-4.jpg\" class=\"img-responsive wp-image-3275 img-with-aspect-ratio\" data-parent-fit=\"cover\" data-parent-container=\".fusion-image-element\" alt srcset=\"https:\/\/www.castka.at\/de\/wp-content\/uploads\/2015\/06\/pf_romo-stoff-4-180x240.jpg 180w, https:\/\/www.castka.at\/de\/wp-content\/uploads\/2015\/06\/pf_romo-stoff-4-225x300.jpg 225w, https:\/\/www.castka.at\/de\/wp-content\/uploads\/2015\/06\/pf_romo-stoff-4-431x576.jpg 431w, https:\/\/www.castka.at\/de\/wp-content\/uploads\/2015\/06\/pf_romo-stoff-4-575x768.jpg 575w, https:\/\/www.castka.at\/de\/wp-content\/uploads\/2015\/06\/pf_romo-stoff-4.jpg 600w\" sizes=\"(max-width: 600px) 100vw, 600px\" \/><div class=\"awb-imageframe-caption-container\"><div class=\"awb-imageframe-caption\"><\/div><\/div><\/a><\/span><\/div><div class=\"fusion-image-element in-legacy-container\" style=\"--awb-aspect-ratio: 100 \/ 82;--awb-object-position:16% 50%;--awb-caption-title-color:var(--awb-color1);--awb-caption-overlay-color:rgba(0,0,0,0.8);--awb-caption-title-font-family:var(--h1_typography-font-family);--awb-caption-title-font-weight:var(--h1_typography-font-weight);--awb-caption-title-font-style:var(--h1_typography-font-style);--awb-caption-title-size:var(--h1_typography-font-size);--awb-caption-title-transform:var(--h1_typography-text-transform);--awb-caption-title-line-height:var(--h1_typography-line-height);--awb-caption-title-letter-spacing:var(--h1_typography-letter-spacing);\"><span class=\" fusion-imageframe imageframe-none imageframe-3 awb-imageframe-style awb-imageframe-style-resa has-aspect-ratio\"><a href=\"https:\/\/www.castka.at\/de\/wp-content\/uploads\/2015\/06\/romo1.jpg\" class=\"fusion-lightbox\" data-rel=\"iLightbox[79a86626296df4222e8]\"><img decoding=\"async\" width=\"650\" height=\"919\" src=\"https:\/\/www.castka.at\/de\/wp-content\/uploads\/2015\/06\/romo1.jpg\" class=\"img-responsive wp-image-3276 img-with-aspect-ratio\" data-parent-fit=\"cover\" data-parent-container=\".fusion-image-element\" alt srcset=\"https:\/\/www.castka.at\/de\/wp-content\/uploads\/2015\/06\/romo1-170x240.jpg 170w, https:\/\/www.castka.at\/de\/wp-content\/uploads\/2015\/06\/romo1-212x300.jpg 212w, https:\/\/www.castka.at\/de\/wp-content\/uploads\/2015\/06\/romo1-407x576.jpg 407w, https:\/\/www.castka.at\/de\/wp-content\/uploads\/2015\/06\/romo1-543x768.jpg 543w, https:\/\/www.castka.at\/de\/wp-content\/uploads\/2015\/06\/romo1.jpg 650w\" sizes=\"(max-width: 650px) 100vw, 650px\" \/><div class=\"awb-imageframe-caption-container\"><div class=\"awb-imageframe-caption\"><\/div><\/div><\/a><\/span><\/div><div class=\"fusion-clearfix\"><\/div><\/div><\/div><\/div><\/div><div class=\"fusion-fullwidth fullwidth-box fusion-builder-row-3 fusion-flex-container has-pattern-background has-mask-background nonhundred-percent-fullwidth non-hundred-percent-height-scrolling\" style=\"--awb-border-radius-top-left:0px;--awb-border-radius-top-right:0px;--awb-border-radius-bottom-right:0px;--awb-border-radius-bottom-left:0px;--awb-flex-wrap:wrap;\" ><div class=\"fusion-builder-row fusion-row fusion-flex-align-items-flex-start fusion-flex-content-wrap\" style=\"max-width:1144px;margin-left: calc(-4% \/ 2 );margin-right: calc(-4% \/ 2 );\"><div class=\"fusion-layout-column fusion_builder_column fusion-builder-column-3 fusion_builder_column_1_1 1_1 fusion-flex-column\" style=\"--awb-bg-size:cover;--awb-width-large:100%;--awb-margin-top-large:0px;--awb-spacing-right-large:1.92%;--awb-margin-bottom-large:20px;--awb-spacing-left-large:1.92%;--awb-width-medium:100%;--awb-order-medium:0;--awb-spacing-right-medium:1.92%;--awb-spacing-left-medium:1.92%;--awb-width-small:100%;--awb-order-small:0;--awb-spacing-right-small:1.92%;--awb-spacing-left-small:1.92%;\"><div class=\"fusion-column-wrapper fusion-column-has-shadow fusion-flex-justify-content-flex-start fusion-content-layout-column\"><div class=\"fusion-title title fusion-title-2 fusion-sep-none fusion-title-text fusion-title-size-one\" style=\"--awb-text-color:var(--awb-color8);--awb-margin-top:10%;--awb-margin-top-small:10px;--awb-margin-right-small:0px;--awb-margin-bottom-small:10px;--awb-margin-left-small:0px;\"><h1 class=\"fusion-title-heading title-heading-left fusion-responsive-typography-calculated\" style=\"margin:0;text-transform:uppercase;--fontSize:40;line-height:1.4;\">WEITERE INSPIRATIONEN<\/h1><\/div><div class=\"fusion-builder-row fusion-builder-row-inner fusion-row fusion-flex-align-items-flex-start fusion-flex-content-wrap\" style=\"--awb-flex-grow:0;--awb-flex-grow-medium:0;--awb-flex-grow-small:0;--awb-flex-shrink:0;--awb-flex-shrink-medium:0;--awb-flex-shrink-small:0;width:104% !important;max-width:104% !important;margin-left: calc(-4% \/ 2 );margin-right: calc(-4% \/ 2 );\"><div class=\"fusion-layout-column fusion_builder_column_inner fusion-builder-nested-column-2 fusion_builder_column_inner_1_3 1_3 fusion-flex-column\" style=\"--awb-bg-size:cover;--awb-width-large:33.333333333333%;--awb-margin-top-large:0px;--awb-spacing-right-large:5.76%;--awb-margin-bottom-large:20px;--awb-spacing-left-large:5.76%;--awb-width-medium:100%;--awb-order-medium:0;--awb-spacing-right-medium:1.92%;--awb-spacing-left-medium:1.92%;--awb-width-small:100%;--awb-order-small:0;--awb-spacing-right-small:1.92%;--awb-spacing-left-small:1.92%;\"><div class=\"fusion-column-wrapper fusion-column-has-shadow fusion-flex-justify-content-flex-start fusion-content-layout-column\"><div class=\"fusion-image-element \" style=\"--awb-aspect-ratio:4 \/ 3;--awb-object-position:31% 59%;--awb-caption-title-color:var(--awb-color1);--awb-caption-border-color:var(--awb-color1);--awb-caption-overlay-color:rgba(0,0,0,0.8);--awb-caption-title-font-family:var(--h2_typography-font-family);--awb-caption-title-font-weight:var(--h2_typography-font-weight);--awb-caption-title-font-style:var(--h2_typography-font-style);--awb-caption-title-size:var(--h2_typography-font-size);--awb-caption-title-transform:var(--h2_typography-text-transform);--awb-caption-title-line-height:var(--h2_typography-line-height);--awb-caption-title-letter-spacing:var(--h2_typography-letter-spacing);\"><span class=\" fusion-imageframe imageframe-none imageframe-4 awb-imageframe-style awb-imageframe-style-resa has-aspect-ratio\"><a class=\"fusion-no-lightbox\" href=\"https:\/\/www.castka.at\/de\/?page_id=3630\" target=\"_self\"><img decoding=\"async\" width=\"620\" height=\"396\" src=\"https:\/\/www.castka.at\/de\/wp-content\/uploads\/2015\/06\/gallery_5.jpg\" class=\"img-responsive wp-image-3245 img-with-aspect-ratio\" data-parent-fit=\"cover\" data-parent-container=\".fusion-image-element\" alt srcset=\"https:\/\/www.castka.at\/de\/wp-content\/uploads\/2015\/06\/gallery_5-300x192.jpg 300w, https:\/\/www.castka.at\/de\/wp-content\/uploads\/2015\/06\/gallery_5-320x204.jpg 320w, https:\/\/www.castka.at\/de\/wp-content\/uploads\/2015\/06\/gallery_5.jpg 620w\" sizes=\"(max-width: 620px) 100vw, 620px\" \/><div class=\"awb-imageframe-caption-container\"><div class=\"awb-imageframe-caption\"><h2 class=\"awb-imageframe-caption-title\">TEPPICH-WUNDER-WELTEN<\/h2><\/div><\/div><\/a><\/span><\/div><\/div><\/div><div class=\"fusion-layout-column fusion_builder_column_inner fusion-builder-nested-column-3 fusion_builder_column_inner_1_3 1_3 fusion-flex-column\" style=\"--awb-bg-size:cover;--awb-width-large:33.333333333333%;--awb-margin-top-large:0px;--awb-spacing-right-large:5.76%;--awb-margin-bottom-large:20px;--awb-spacing-left-large:5.76%;--awb-width-medium:100%;--awb-order-medium:0;--awb-spacing-right-medium:1.92%;--awb-spacing-left-medium:1.92%;--awb-width-small:100%;--awb-order-small:0;--awb-spacing-right-small:1.92%;--awb-spacing-left-small:1.92%;\"><div class=\"fusion-column-wrapper fusion-column-has-shadow fusion-flex-justify-content-flex-start fusion-content-layout-column\"><div class=\"fusion-image-element \" style=\"--awb-aspect-ratio:4 \/ 3;--awb-object-position:29% 45%;--awb-caption-title-color:var(--awb-color1);--awb-caption-border-color:var(--awb-color1);--awb-caption-overlay-color:rgba(0,0,0,0.8);--awb-caption-title-font-family:var(--h2_typography-font-family);--awb-caption-title-font-weight:var(--h2_typography-font-weight);--awb-caption-title-font-style:var(--h2_typography-font-style);--awb-caption-title-size:var(--h2_typography-font-size);--awb-caption-title-transform:var(--h2_typography-text-transform);--awb-caption-title-line-height:var(--h2_typography-line-height);--awb-caption-title-letter-spacing:var(--h2_typography-letter-spacing);\"><span class=\" fusion-imageframe imageframe-none imageframe-5 awb-imageframe-style awb-imageframe-style-resa has-aspect-ratio\"><a class=\"fusion-no-lightbox\" href=\"https:\/\/www.castka.at\/de\/?page_id=3632\" target=\"_self\"><img decoding=\"async\" width=\"800\" height=\"600\" src=\"https:\/\/www.castka.at\/de\/wp-content\/uploads\/2015\/06\/pf_prest_tap_04.jpg\" class=\"img-responsive wp-image-3264 img-with-aspect-ratio\" data-parent-fit=\"cover\" data-parent-container=\".fusion-image-element\" alt srcset=\"https:\/\/www.castka.at\/de\/wp-content\/uploads\/2015\/06\/pf_prest_tap_04-300x225.jpg 300w, https:\/\/www.castka.at\/de\/wp-content\/uploads\/2015\/06\/pf_prest_tap_04-320x240.jpg 320w, https:\/\/www.castka.at\/de\/wp-content\/uploads\/2015\/06\/pf_prest_tap_04-768x576.jpg 768w, https:\/\/www.castka.at\/de\/wp-content\/uploads\/2015\/06\/pf_prest_tap_04.jpg 800w\" sizes=\"(max-width: 800px) 100vw, 800px\" \/><div class=\"awb-imageframe-caption-container\"><div class=\"awb-imageframe-caption\"><h2 class=\"awb-imageframe-caption-title\">Tapeten im Mittelpunkt<\/h2><\/div><\/div><\/a><\/span><\/div><\/div><\/div><div class=\"fusion-layout-column fusion_builder_column_inner fusion-builder-nested-column-4 fusion_builder_column_inner_1_3 1_3 fusion-flex-column\" style=\"--awb-bg-size:cover;--awb-width-large:33.333333333333%;--awb-margin-top-large:0px;--awb-spacing-right-large:5.76%;--awb-margin-bottom-large:20px;--awb-spacing-left-large:5.76%;--awb-width-medium:100%;--awb-order-medium:0;--awb-spacing-right-medium:1.92%;--awb-spacing-left-medium:1.92%;--awb-width-small:100%;--awb-order-small:0;--awb-spacing-right-small:1.92%;--awb-spacing-left-small:1.92%;\"><div class=\"fusion-column-wrapper fusion-column-has-shadow fusion-flex-justify-content-flex-start fusion-content-layout-column\"><div class=\"fusion-image-element \" style=\"--awb-aspect-ratio:4 \/ 3;--awb-object-position:14% 46%;--awb-caption-title-color:var(--awb-color1);--awb-caption-border-color:var(--awb-color1);--awb-caption-overlay-color:rgba(0,0,0,0.8);--awb-caption-title-font-family:var(--h2_typography-font-family);--awb-caption-title-font-weight:var(--h2_typography-font-weight);--awb-caption-title-font-style:var(--h2_typography-font-style);--awb-caption-title-size:var(--h2_typography-font-size);--awb-caption-title-transform:var(--h2_typography-text-transform);--awb-caption-title-line-height:var(--h2_typography-line-height);--awb-caption-title-letter-spacing:var(--h2_typography-letter-spacing);\"><span class=\" fusion-imageframe imageframe-none imageframe-6 awb-imageframe-style awb-imageframe-style-resa has-aspect-ratio\"><a class=\"fusion-no-lightbox\" href=\"https:\/\/www.castka.at\/de\/?page_id=3634\" target=\"_self\" aria-label=\"pf_romo-04\"><img decoding=\"async\" width=\"650\" height=\"908\" src=\"https:\/\/www.castka.at\/de\/wp-content\/uploads\/2015\/06\/pf_romo-04.jpg\" class=\"img-responsive wp-image-3256 img-with-aspect-ratio\" data-parent-fit=\"cover\" data-parent-container=\".fusion-image-element\" alt srcset=\"https:\/\/www.castka.at\/de\/wp-content\/uploads\/2015\/06\/pf_romo-04-172x240.jpg 172w, https:\/\/www.castka.at\/de\/wp-content\/uploads\/2015\/06\/pf_romo-04-215x300.jpg 215w, https:\/\/www.castka.at\/de\/wp-content\/uploads\/2015\/06\/pf_romo-04-412x576.jpg 412w, https:\/\/www.castka.at\/de\/wp-content\/uploads\/2015\/06\/pf_romo-04-550x768.jpg 550w, https:\/\/www.castka.at\/de\/wp-content\/uploads\/2015\/06\/pf_romo-04.jpg 650w\" sizes=\"(max-width: 650px) 100vw, 650px\" \/><div class=\"awb-imageframe-caption-container\"><div class=\"awb-imageframe-caption\"><h2 class=\"awb-imageframe-caption-title\">ROMO: EIN HAUCH VON LUXUS<\/h2><\/div><\/div><\/a><\/span><\/div><\/div><\/div><\/div><\/div><\/div><\/div><\/div><\/p>\n","protected":false},"excerpt":{"rendered":"","protected":false},"author":1,"featured_media":0,"parent":1409,"menu_order":0,"comment_status":"closed","ping_status":"closed","template":"100-width.php","meta":{"footnotes":""},"class_list":["post-3628","page","type-page","status-publish","hentry"],"_links":{"self":[{"href":"https:\/\/www.castka.at\/de\/wp-json\/wp\/v2\/pages\/3628","targetHints":{"allow":["GET"]}}],"collection":[{"href":"https:\/\/www.castka.at\/de\/wp-json\/wp\/v2\/pages"}],"about":[{"href":"https:\/\/www.castka.at\/de\/wp-json\/wp\/v2\/types\/page"}],"author":[{"embeddable":true,"href":"https:\/\/www.castka.at\/de\/wp-json\/wp\/v2\/users\/1"}],"replies":[{"embeddable":true,"href":"https:\/\/www.castka.at\/de\/wp-json\/wp\/v2\/comments?post=3628"}],"version-history":[{"count":11,"href":"https:\/\/www.castka.at\/de\/wp-json\/wp\/v2\/pages\/3628\/revisions"}],"predecessor-version":[{"id":3661,"href":"https:\/\/www.castka.at\/de\/wp-json\/wp\/v2\/pages\/3628\/revisions\/3661"}],"up":[{"embeddable":true,"href":"https:\/\/www.castka.at\/de\/wp-json\/wp\/v2\/pages\/1409"}],"wp:attachment":[{"href":"https:\/\/www.castka.at\/de\/wp-json\/wp\/v2\/media?parent=3628"}],"curies":[{"name":"wp","href":"https:\/\/api.w.org\/{rel}","templated":true}]}}