{"id":3630,"date":"2022-08-29T22:57:13","date_gmt":"2022-08-29T20:57:13","guid":{"rendered":"https:\/\/www.castka.at\/de\/avada\/?page_id=3630"},"modified":"2022-08-30T16:35:17","modified_gmt":"2022-08-30T14:35:17","slug":"teppich","status":"publish","type":"page","link":"https:\/\/www.castka.at\/de\/inspirationen\/teppich\/","title":{"rendered":"Teppich"},"content":{"rendered":"<p><div class=\"fusion-fullwidth fullwidth-box fusion-builder-row-1 fusion-flex-container has-pattern-background has-mask-background nonhundred-percent-fullwidth non-hundred-percent-height-scrolling\" style=\"--awb-border-radius-top-left:0px;--awb-border-radius-top-right:0px;--awb-border-radius-bottom-right:0px;--awb-border-radius-bottom-left:0px;--awb-flex-wrap:wrap;\" ><div class=\"fusion-builder-row fusion-row fusion-flex-align-items-flex-start fusion-flex-content-wrap\" style=\"max-width:1144px;margin-left: calc(-4% \/ 2 );margin-right: calc(-4% \/ 2 );\"><div class=\"fusion-layout-column fusion_builder_column fusion-builder-column-0 fusion_builder_column_1_1 1_1 fusion-flex-column\" style=\"--awb-bg-size:cover;--awb-width-large:100%;--awb-margin-top-large:0px;--awb-spacing-right-large:1.92%;--awb-margin-bottom-large:20px;--awb-spacing-left-large:1.92%;--awb-width-medium:100%;--awb-order-medium:0;--awb-spacing-right-medium:1.92%;--awb-spacing-left-medium:1.92%;--awb-width-small:100%;--awb-order-small:0;--awb-spacing-right-small:1.92%;--awb-spacing-left-small:1.92%;\"><div class=\"fusion-column-wrapper fusion-column-has-shadow fusion-flex-justify-content-flex-start fusion-content-layout-column\"><div class=\"fusion-builder-row fusion-builder-row-inner fusion-row fusion-flex-align-items-flex-start fusion-flex-content-wrap\" style=\"--awb-flex-grow:0;--awb-flex-grow-medium:0;--awb-flex-grow-small:0;--awb-flex-shrink:0;--awb-flex-shrink-medium:0;--awb-flex-shrink-small:0;width:104% !important;max-width:104% !important;margin-left: calc(-4% \/ 2 );margin-right: calc(-4% \/ 2 );\"><div class=\"fusion-layout-column fusion_builder_column_inner fusion-builder-nested-column-0 fusion_builder_column_inner_1_2 1_2 fusion-flex-column\" style=\"--awb-bg-size:cover;--awb-border-color:var(--awb-custom11);--awb-border-style:solid;--awb-width-large:50%;--awb-margin-top-large:0px;--awb-spacing-right-large:3.84%;--awb-margin-bottom-large:20px;--awb-spacing-left-large:3.84%;--awb-width-medium:100%;--awb-order-medium:0;--awb-spacing-right-medium:1.92%;--awb-spacing-left-medium:1.92%;--awb-width-small:100%;--awb-order-small:0;--awb-spacing-right-small:1.92%;--awb-spacing-left-small:1.92%;\"><div class=\"fusion-column-wrapper fusion-column-has-shadow fusion-flex-justify-content-flex-start fusion-content-layout-column\"><div class=\"fusion-title title fusion-title-1 fusion-sep-none fusion-title-text fusion-title-size-one fusion-animated\" style=\"--awb-margin-top-small:10px;--awb-margin-right-small:0px;--awb-margin-bottom-small:10px;--awb-margin-left-small:0px;\" data-animationType=\"slideInLeft\" data-animationDuration=\"1.0\" data-animationOffset=\"top-into-view\"><h1 class=\"fusion-title-heading title-heading-left fusion-responsive-typography-calculated\" style=\"margin:0;text-transform:uppercase;--fontSize:40;line-height:1.4;\"><p class=\"section-main-title\">TEPPICHWUNDERWELTEN<\/p><\/h1><\/div><div class=\"fusion-text fusion-text-1 fusion-animated\" data-animationType=\"slideInLeft\" data-animationDuration=\"1.5\" data-animationOffset=\"top-into-view\"><h2>Das Besondere ist oft ganz einfach ins Leben zu holen. Zum Beispiel mit den au\u00dfergew\u00f6hnlichen Teppichen von miroo, die Lebensr\u00e4ume auf wunderbare Weise individualisieren.<\/h2>\n<\/div><\/div><\/div><div class=\"fusion-layout-column fusion_builder_column_inner fusion-builder-nested-column-1 fusion_builder_column_inner_1_2 1_2 fusion-flex-column\" style=\"--awb-bg-size:cover;--awb-width-large:50%;--awb-margin-top-large:0px;--awb-spacing-right-large:3.84%;--awb-margin-bottom-large:20px;--awb-spacing-left-large:3.84%;--awb-width-medium:100%;--awb-order-medium:0;--awb-spacing-right-medium:1.92%;--awb-spacing-left-medium:1.92%;--awb-width-small:100%;--awb-order-small:0;--awb-spacing-right-small:1.92%;--awb-spacing-left-small:1.92%;\"><div class=\"fusion-column-wrapper fusion-column-has-shadow fusion-flex-justify-content-flex-start fusion-content-layout-column\"><div class=\"fusion-text fusion-text-2 fusion-animated\" style=\"--awb-margin-top:1%;\" data-animationType=\"slideInRight\" data-animationDuration=\"1.5\" data-animationOffset=\"top-into-view\"><p>Teppiche von miroo individualisieren R\u00e4ume auf besonders charmante Weise. Durch die M\u00f6glichkeit aus individuellen Formen, Farben und Materialien zu w\u00e4hlen, entstehen einzigartige Unikate. Diese Teppiche \u00fcberzeugen mit\u00a0traumhafter Qualit\u00e4t in edlen Farbt\u00f6nen und einem unglaublichen Volumen. Mit seidig prickelnder Struktur sind\u00a0sie nicht nur ein Genuss f\u00fcr das Auge, sondern verw\u00f6hnen auch sanft bei jeder Ber\u00fchrung.<\/p>\n<p><em>Fotos: miroo\/Landegger<\/em><\/p>\n<\/div><\/div><\/div><\/div><\/div><\/div><\/div><\/div><div class=\"fusion-fullwidth fullwidth-box fusion-builder-row-2 has-pattern-background has-mask-background nonhundred-percent-fullwidth non-hundred-percent-height-scrolling fusion-equal-height-columns\" style=\"--awb-border-radius-top-left:0px;--awb-border-radius-top-right:0px;--awb-border-radius-bottom-right:0px;--awb-border-radius-bottom-left:0px;--awb-flex-wrap:wrap;\" ><div class=\"fusion-builder-row fusion-row\"><div class=\"fusion-layout-column fusion_builder_column fusion-builder-column-1 fusion_builder_column_1_2 1_2 fusion-one-half fusion-column-first\" style=\"--awb-bg-position:center top;--awb-bg-blend:overlay;--awb-bg-size:cover;width:50%;width:calc(50% - ( ( 20px ) * 0.5 ) );margin-right: 20px;\"><div class=\"fusion-column-wrapper fusion-column-has-shadow fusion-flex-column-wrapper-legacy\"><div class=\"fusion-image-element in-legacy-container\" style=\"--awb-aspect-ratio: 100 \/ 150;--awb-object-position:16% 51%;--awb-caption-title-color:var(--awb-color1);--awb-caption-overlay-color:rgba(0,0,0,0.8);--awb-caption-title-font-family:var(--h1_typography-font-family);--awb-caption-title-font-weight:var(--h1_typography-font-weight);--awb-caption-title-font-style:var(--h1_typography-font-style);--awb-caption-title-size:var(--h1_typography-font-size);--awb-caption-title-transform:var(--h1_typography-text-transform);--awb-caption-title-line-height:var(--h1_typography-line-height);--awb-caption-title-letter-spacing:var(--h1_typography-letter-spacing);\"><span class=\" fusion-imageframe imageframe-none imageframe-1 awb-imageframe-style awb-imageframe-style-resa has-aspect-ratio\"><a href=\"https:\/\/www.castka.at\/de\/wp-content\/uploads\/2015\/06\/teppich_01gr.jpg\" class=\"fusion-lightbox\" data-rel=\"iLightbox[c9522fc58c7b4583a7e]\"><img decoding=\"async\" width=\"650\" height=\"907\" src=\"https:\/\/www.castka.at\/de\/wp-content\/uploads\/2015\/06\/teppich_01gr.jpg\" class=\"img-responsive wp-image-3244 img-with-aspect-ratio\" data-parent-fit=\"cover\" data-parent-container=\".fusion-image-element\" alt srcset=\"https:\/\/www.castka.at\/de\/wp-content\/uploads\/2015\/06\/teppich_01gr-172x240.jpg 172w, https:\/\/www.castka.at\/de\/wp-content\/uploads\/2015\/06\/teppich_01gr-215x300.jpg 215w, https:\/\/www.castka.at\/de\/wp-content\/uploads\/2015\/06\/teppich_01gr-413x576.jpg 413w, https:\/\/www.castka.at\/de\/wp-content\/uploads\/2015\/06\/teppich_01gr-550x768.jpg 550w, https:\/\/www.castka.at\/de\/wp-content\/uploads\/2015\/06\/teppich_01gr.jpg 650w\" sizes=\"(max-width: 650px) 100vw, 650px\" \/><div class=\"awb-imageframe-caption-container\"><div class=\"awb-imageframe-caption\"><\/div><\/div><\/a><\/span><\/div><div class=\"fusion-image-element in-legacy-container\" style=\"--awb-aspect-ratio: 100 \/ 64;--awb-object-position:39% 55%;--awb-margin-top:20px;--awb-margin-bottom:20px;--awb-caption-title-color:var(--awb-color1);--awb-caption-overlay-color:rgba(0,0,0,0.8);--awb-caption-title-font-family:var(--h1_typography-font-family);--awb-caption-title-font-weight:var(--h1_typography-font-weight);--awb-caption-title-font-style:var(--h1_typography-font-style);--awb-caption-title-size:var(--h1_typography-font-size);--awb-caption-title-transform:var(--h1_typography-text-transform);--awb-caption-title-line-height:var(--h1_typography-line-height);--awb-caption-title-letter-spacing:var(--h1_typography-letter-spacing);\"><span class=\" fusion-imageframe imageframe-none imageframe-2 awb-imageframe-style awb-imageframe-style-resa has-aspect-ratio\"><a href=\"https:\/\/www.castka.at\/de\/wp-content\/uploads\/2015\/06\/kim_5.jpg\" class=\"fusion-lightbox\" data-rel=\"iLightbox[5e0a76054fafc673bd8]\"><img decoding=\"async\" width=\"620\" height=\"396\" src=\"https:\/\/www.castka.at\/de\/wp-content\/uploads\/2015\/06\/kim_5.jpg\" class=\"img-responsive wp-image-3250 img-with-aspect-ratio\" data-parent-fit=\"cover\" data-parent-container=\".fusion-image-element\" alt srcset=\"https:\/\/www.castka.at\/de\/wp-content\/uploads\/2015\/06\/kim_5-300x192.jpg 300w, https:\/\/www.castka.at\/de\/wp-content\/uploads\/2015\/06\/kim_5-320x204.jpg 320w, https:\/\/www.castka.at\/de\/wp-content\/uploads\/2015\/06\/kim_5.jpg 620w\" sizes=\"(max-width: 620px) 100vw, 620px\" \/><div class=\"awb-imageframe-caption-container\"><div class=\"awb-imageframe-caption\"><\/div><\/div><\/a><\/span><\/div><div class=\"fusion-image-element in-legacy-container\" style=\"--awb-aspect-ratio: 100 \/ 82;--awb-object-position:29% 50%;--awb-caption-title-color:var(--awb-color1);--awb-caption-overlay-color:rgba(0,0,0,0.8);--awb-caption-title-font-family:var(--h1_typography-font-family);--awb-caption-title-font-weight:var(--h1_typography-font-weight);--awb-caption-title-font-style:var(--h1_typography-font-style);--awb-caption-title-size:var(--h1_typography-font-size);--awb-caption-title-transform:var(--h1_typography-text-transform);--awb-caption-title-line-height:var(--h1_typography-line-height);--awb-caption-title-letter-spacing:var(--h1_typography-letter-spacing);\"><span class=\" fusion-imageframe imageframe-none imageframe-3 awb-imageframe-style awb-imageframe-style-resa has-aspect-ratio\"><a href=\"https:\/\/www.castka.at\/de\/wp-content\/uploads\/2015\/06\/gallery_22.jpg\" class=\"fusion-lightbox\" data-rel=\"iLightbox[cb3949c4632e97dd7ce]\"><img decoding=\"async\" width=\"620\" height=\"396\" src=\"https:\/\/www.castka.at\/de\/wp-content\/uploads\/2015\/06\/gallery_22.jpg\" class=\"img-responsive wp-image-3251 img-with-aspect-ratio\" data-parent-fit=\"cover\" data-parent-container=\".fusion-image-element\" alt srcset=\"https:\/\/www.castka.at\/de\/wp-content\/uploads\/2015\/06\/gallery_22-300x192.jpg 300w, https:\/\/www.castka.at\/de\/wp-content\/uploads\/2015\/06\/gallery_22-320x204.jpg 320w, https:\/\/www.castka.at\/de\/wp-content\/uploads\/2015\/06\/gallery_22.jpg 620w\" sizes=\"(max-width: 620px) 100vw, 620px\" \/><div class=\"awb-imageframe-caption-container\"><div class=\"awb-imageframe-caption\"><\/div><\/div><\/a><\/span><\/div><div class=\"fusion-clearfix\"><\/div><\/div><\/div><div class=\"fusion-layout-column fusion_builder_column fusion-builder-column-2 fusion_builder_column_1_2 1_2 fusion-one-half fusion-column-last\" style=\"--awb-bg-size:cover;width:50%;width:calc(50% - ( ( 20px ) * 0.5 ) );\"><div class=\"fusion-column-wrapper fusion-column-has-shadow fusion-flex-column-wrapper-legacy\"><div class=\"fusion-image-element in-legacy-container\" style=\"--awb-aspect-ratio: 100 \/ 64;--awb-margin-bottom:20px;--awb-caption-title-color:var(--awb-color1);--awb-caption-overlay-color:rgba(0,0,0,0.8);--awb-caption-title-font-family:var(--h1_typography-font-family);--awb-caption-title-font-weight:var(--h1_typography-font-weight);--awb-caption-title-font-style:var(--h1_typography-font-style);--awb-caption-title-size:var(--h1_typography-font-size);--awb-caption-title-transform:var(--h1_typography-text-transform);--awb-caption-title-line-height:var(--h1_typography-line-height);--awb-caption-title-letter-spacing:var(--h1_typography-letter-spacing);\"><span class=\" fusion-imageframe imageframe-none imageframe-4 awb-imageframe-style awb-imageframe-style-resa has-aspect-ratio\"><a href=\"https:\/\/www.castka.at\/de\/wp-content\/uploads\/2015\/06\/gallery_7.jpg\" class=\"fusion-lightbox\" data-rel=\"iLightbox[a893dea82492e469c87]\"><img decoding=\"async\" width=\"620\" height=\"396\" src=\"https:\/\/www.castka.at\/de\/wp-content\/uploads\/2015\/06\/gallery_7.jpg\" class=\"img-responsive wp-image-3247 img-with-aspect-ratio\" data-parent-fit=\"cover\" data-parent-container=\".fusion-image-element\" alt srcset=\"https:\/\/www.castka.at\/de\/wp-content\/uploads\/2015\/06\/gallery_7-300x192.jpg 300w, https:\/\/www.castka.at\/de\/wp-content\/uploads\/2015\/06\/gallery_7-320x204.jpg 320w, https:\/\/www.castka.at\/de\/wp-content\/uploads\/2015\/06\/gallery_7.jpg 620w\" sizes=\"(max-width: 620px) 100vw, 620px\" \/><div class=\"awb-imageframe-caption-container\"><div class=\"awb-imageframe-caption\"><\/div><\/div><\/a><\/span><\/div><div class=\"fusion-image-element in-legacy-container\" style=\"--awb-aspect-ratio: 100 \/ 82;--awb-object-position:29% 50%;--awb-caption-title-color:var(--awb-color1);--awb-caption-overlay-color:rgba(0,0,0,0.8);--awb-caption-title-font-family:var(--h1_typography-font-family);--awb-caption-title-font-weight:var(--h1_typography-font-weight);--awb-caption-title-font-style:var(--h1_typography-font-style);--awb-caption-title-size:var(--h1_typography-font-size);--awb-caption-title-transform:var(--h1_typography-text-transform);--awb-caption-title-line-height:var(--h1_typography-line-height);--awb-caption-title-letter-spacing:var(--h1_typography-letter-spacing);\"><span class=\" fusion-imageframe imageframe-none imageframe-5 awb-imageframe-style awb-imageframe-style-resa has-aspect-ratio\"><a href=\"https:\/\/www.castka.at\/de\/wp-content\/uploads\/2015\/06\/gallery_11.jpg\" class=\"fusion-lightbox\" data-rel=\"iLightbox[e4b0f7804a538ff7384]\"><img decoding=\"async\" width=\"620\" height=\"396\" src=\"https:\/\/www.castka.at\/de\/wp-content\/uploads\/2015\/06\/gallery_11.jpg\" class=\"img-responsive wp-image-3248 img-with-aspect-ratio\" data-parent-fit=\"cover\" data-parent-container=\".fusion-image-element\" alt srcset=\"https:\/\/www.castka.at\/de\/wp-content\/uploads\/2015\/06\/gallery_11-300x192.jpg 300w, https:\/\/www.castka.at\/de\/wp-content\/uploads\/2015\/06\/gallery_11-320x204.jpg 320w, https:\/\/www.castka.at\/de\/wp-content\/uploads\/2015\/06\/gallery_11.jpg 620w\" sizes=\"(max-width: 620px) 100vw, 620px\" \/><div class=\"awb-imageframe-caption-container\"><div class=\"awb-imageframe-caption\"><\/div><\/div><\/a><\/span><\/div><div class=\"fusion-image-element in-legacy-container\" style=\"--awb-aspect-ratio: 100 \/ 150;--awb-object-position:32% 73%;--awb-margin-top:20px;--awb-caption-title-color:var(--awb-color1);--awb-caption-overlay-color:rgba(0,0,0,0.8);--awb-caption-title-font-family:var(--h1_typography-font-family);--awb-caption-title-font-weight:var(--h1_typography-font-weight);--awb-caption-title-font-style:var(--h1_typography-font-style);--awb-caption-title-size:var(--h1_typography-font-size);--awb-caption-title-transform:var(--h1_typography-text-transform);--awb-caption-title-line-height:var(--h1_typography-line-height);--awb-caption-title-letter-spacing:var(--h1_typography-letter-spacing);\"><span class=\" fusion-imageframe imageframe-none imageframe-6 awb-imageframe-style awb-imageframe-style-resa has-aspect-ratio\"><a href=\"https:\/\/www.castka.at\/de\/wp-content\/uploads\/2017\/06\/home_prestigious.jpg\" class=\"fusion-lightbox\" data-rel=\"iLightbox[e38e35cf24e8138969b]\"><img decoding=\"async\" width=\"2000\" height=\"1201\" src=\"https:\/\/www.castka.at\/de\/wp-content\/uploads\/2017\/06\/home_prestigious.jpg\" class=\"img-responsive wp-image-3323 img-with-aspect-ratio\" data-parent-fit=\"cover\" data-parent-container=\".fusion-image-element\" alt srcset=\"https:\/\/www.castka.at\/de\/wp-content\/uploads\/2017\/06\/home_prestigious-300x180.jpg 300w, https:\/\/www.castka.at\/de\/wp-content\/uploads\/2017\/06\/home_prestigious-320x192.jpg 320w, https:\/\/www.castka.at\/de\/wp-content\/uploads\/2017\/06\/home_prestigious-768x461.jpg 768w, https:\/\/www.castka.at\/de\/wp-content\/uploads\/2017\/06\/home_prestigious-1024x615.jpg 1024w, https:\/\/www.castka.at\/de\/wp-content\/uploads\/2017\/06\/home_prestigious.jpg 2000w\" sizes=\"(max-width: 2000px) 100vw, 2000px\" \/><div class=\"awb-imageframe-caption-container\"><div class=\"awb-imageframe-caption\"><\/div><\/div><\/a><\/span><\/div><div class=\"fusion-clearfix\"><\/div><\/div><\/div><\/div><\/div><div class=\"fusion-fullwidth fullwidth-box fusion-builder-row-3 fusion-flex-container has-pattern-background has-mask-background nonhundred-percent-fullwidth non-hundred-percent-height-scrolling\" style=\"--awb-border-radius-top-left:0px;--awb-border-radius-top-right:0px;--awb-border-radius-bottom-right:0px;--awb-border-radius-bottom-left:0px;--awb-flex-wrap:wrap;\" ><div class=\"fusion-builder-row fusion-row fusion-flex-align-items-flex-start fusion-flex-content-wrap\" style=\"max-width:1144px;margin-left: calc(-4% \/ 2 );margin-right: calc(-4% \/ 2 );\"><div class=\"fusion-layout-column fusion_builder_column fusion-builder-column-3 fusion_builder_column_1_1 1_1 fusion-flex-column\" style=\"--awb-bg-size:cover;--awb-width-large:100%;--awb-margin-top-large:0px;--awb-spacing-right-large:1.92%;--awb-margin-bottom-large:20px;--awb-spacing-left-large:1.92%;--awb-width-medium:100%;--awb-order-medium:0;--awb-spacing-right-medium:1.92%;--awb-spacing-left-medium:1.92%;--awb-width-small:100%;--awb-order-small:0;--awb-spacing-right-small:1.92%;--awb-spacing-left-small:1.92%;\"><div class=\"fusion-column-wrapper fusion-column-has-shadow fusion-flex-justify-content-flex-start fusion-content-layout-column\"><div class=\"fusion-title title fusion-title-2 fusion-sep-none fusion-title-text fusion-title-size-one\" style=\"--awb-text-color:var(--awb-color8);--awb-margin-top:10%;--awb-margin-top-small:10px;--awb-margin-right-small:0px;--awb-margin-bottom-small:10px;--awb-margin-left-small:0px;\"><h1 class=\"fusion-title-heading title-heading-left fusion-responsive-typography-calculated\" style=\"margin:0;text-transform:uppercase;--fontSize:40;line-height:1.4;\">WEITERE INSPIRATIONEN<\/h1><\/div><div class=\"fusion-builder-row fusion-builder-row-inner fusion-row fusion-flex-align-items-flex-start fusion-flex-content-wrap\" style=\"--awb-flex-grow:0;--awb-flex-grow-medium:0;--awb-flex-grow-small:0;--awb-flex-shrink:0;--awb-flex-shrink-medium:0;--awb-flex-shrink-small:0;width:104% !important;max-width:104% !important;margin-left: calc(-4% \/ 2 );margin-right: calc(-4% \/ 2 );\"><div class=\"fusion-layout-column fusion_builder_column_inner fusion-builder-nested-column-2 fusion_builder_column_inner_1_3 1_3 fusion-flex-column\" style=\"--awb-bg-size:cover;--awb-width-large:33.333333333333%;--awb-margin-top-large:0px;--awb-spacing-right-large:5.76%;--awb-margin-bottom-large:20px;--awb-spacing-left-large:5.76%;--awb-width-medium:100%;--awb-order-medium:0;--awb-spacing-right-medium:1.92%;--awb-spacing-left-medium:1.92%;--awb-width-small:100%;--awb-order-small:0;--awb-spacing-right-small:1.92%;--awb-spacing-left-small:1.92%;\"><div class=\"fusion-column-wrapper fusion-column-has-shadow fusion-flex-justify-content-flex-start fusion-content-layout-column\"><div class=\"fusion-image-element \" style=\"--awb-aspect-ratio:4 \/ 3;--awb-object-position:31% 59%;--awb-caption-title-color:var(--awb-color1);--awb-caption-border-color:var(--awb-color1);--awb-caption-overlay-color:rgba(0,0,0,0.8);--awb-caption-title-font-family:var(--h2_typography-font-family);--awb-caption-title-font-weight:var(--h2_typography-font-weight);--awb-caption-title-font-style:var(--h2_typography-font-style);--awb-caption-title-size:var(--h2_typography-font-size);--awb-caption-title-transform:var(--h2_typography-text-transform);--awb-caption-title-line-height:var(--h2_typography-line-height);--awb-caption-title-letter-spacing:var(--h2_typography-letter-spacing);\"><span class=\" fusion-imageframe imageframe-none imageframe-7 awb-imageframe-style awb-imageframe-style-resa has-aspect-ratio\"><a class=\"fusion-no-lightbox\" href=\"https:\/\/www.castka.at\/de\/?page_id=3630\" target=\"_self\"><img decoding=\"async\" width=\"800\" height=\"600\" src=\"https:\/\/www.castka.at\/de\/wp-content\/uploads\/2015\/06\/c-Romo_Elwin.jpg\" class=\"img-responsive wp-image-3046 img-with-aspect-ratio\" data-parent-fit=\"cover\" data-parent-container=\".fusion-image-element\" alt srcset=\"https:\/\/www.castka.at\/de\/wp-content\/uploads\/2015\/06\/c-Romo_Elwin-300x225.jpg 300w, https:\/\/www.castka.at\/de\/wp-content\/uploads\/2015\/06\/c-Romo_Elwin-320x240.jpg 320w, https:\/\/www.castka.at\/de\/wp-content\/uploads\/2015\/06\/c-Romo_Elwin-768x576.jpg 768w, https:\/\/www.castka.at\/de\/wp-content\/uploads\/2015\/06\/c-Romo_Elwin.jpg 800w\" sizes=\"(max-width: 800px) 100vw, 800px\" \/><div class=\"awb-imageframe-caption-container\"><div class=\"awb-imageframe-caption\"><h2 class=\"awb-imageframe-caption-title\">ORGANISCHER LOOK<\/h2><\/div><\/div><\/a><\/span><\/div><\/div><\/div><div class=\"fusion-layout-column fusion_builder_column_inner fusion-builder-nested-column-3 fusion_builder_column_inner_1_3 1_3 fusion-flex-column\" style=\"--awb-bg-size:cover;--awb-width-large:33.333333333333%;--awb-margin-top-large:0px;--awb-spacing-right-large:5.76%;--awb-margin-bottom-large:20px;--awb-spacing-left-large:5.76%;--awb-width-medium:100%;--awb-order-medium:0;--awb-spacing-right-medium:1.92%;--awb-spacing-left-medium:1.92%;--awb-width-small:100%;--awb-order-small:0;--awb-spacing-right-small:1.92%;--awb-spacing-left-small:1.92%;\"><div class=\"fusion-column-wrapper fusion-column-has-shadow fusion-flex-justify-content-flex-start fusion-content-layout-column\"><div class=\"fusion-image-element \" style=\"--awb-aspect-ratio:4 \/ 3;--awb-object-position:29% 45%;--awb-caption-title-color:var(--awb-color1);--awb-caption-border-color:var(--awb-color1);--awb-caption-overlay-color:rgba(0,0,0,0.8);--awb-caption-title-font-family:var(--h2_typography-font-family);--awb-caption-title-font-weight:var(--h2_typography-font-weight);--awb-caption-title-font-style:var(--h2_typography-font-style);--awb-caption-title-size:var(--h2_typography-font-size);--awb-caption-title-transform:var(--h2_typography-text-transform);--awb-caption-title-line-height:var(--h2_typography-line-height);--awb-caption-title-letter-spacing:var(--h2_typography-letter-spacing);\"><span class=\" fusion-imageframe imageframe-none imageframe-8 awb-imageframe-style awb-imageframe-style-resa has-aspect-ratio\"><a class=\"fusion-no-lightbox\" href=\"https:\/\/www.castka.at\/de\/?page_id=3632\" target=\"_self\"><img decoding=\"async\" width=\"800\" height=\"600\" src=\"https:\/\/www.castka.at\/de\/wp-content\/uploads\/2015\/06\/pf_prest_tap_04.jpg\" class=\"img-responsive wp-image-3264 img-with-aspect-ratio\" data-parent-fit=\"cover\" data-parent-container=\".fusion-image-element\" alt srcset=\"https:\/\/www.castka.at\/de\/wp-content\/uploads\/2015\/06\/pf_prest_tap_04-300x225.jpg 300w, https:\/\/www.castka.at\/de\/wp-content\/uploads\/2015\/06\/pf_prest_tap_04-320x240.jpg 320w, https:\/\/www.castka.at\/de\/wp-content\/uploads\/2015\/06\/pf_prest_tap_04-768x576.jpg 768w, https:\/\/www.castka.at\/de\/wp-content\/uploads\/2015\/06\/pf_prest_tap_04.jpg 800w\" sizes=\"(max-width: 800px) 100vw, 800px\" \/><div class=\"awb-imageframe-caption-container\"><div class=\"awb-imageframe-caption\"><h2 class=\"awb-imageframe-caption-title\">Tapeten im Mittelpunkt<\/h2><\/div><\/div><\/a><\/span><\/div><\/div><\/div><div class=\"fusion-layout-column fusion_builder_column_inner fusion-builder-nested-column-4 fusion_builder_column_inner_1_3 1_3 fusion-flex-column\" style=\"--awb-bg-size:cover;--awb-width-large:33.333333333333%;--awb-margin-top-large:0px;--awb-spacing-right-large:5.76%;--awb-margin-bottom-large:20px;--awb-spacing-left-large:5.76%;--awb-width-medium:100%;--awb-order-medium:0;--awb-spacing-right-medium:1.92%;--awb-spacing-left-medium:1.92%;--awb-width-small:100%;--awb-order-small:0;--awb-spacing-right-small:1.92%;--awb-spacing-left-small:1.92%;\"><div class=\"fusion-column-wrapper fusion-column-has-shadow fusion-flex-justify-content-flex-start fusion-content-layout-column\"><div class=\"fusion-image-element \" style=\"--awb-aspect-ratio:4 \/ 3;--awb-object-position:14% 46%;--awb-caption-title-color:var(--awb-color1);--awb-caption-border-color:var(--awb-color1);--awb-caption-overlay-color:rgba(0,0,0,0.8);--awb-caption-title-font-family:var(--h2_typography-font-family);--awb-caption-title-font-weight:var(--h2_typography-font-weight);--awb-caption-title-font-style:var(--h2_typography-font-style);--awb-caption-title-size:var(--h2_typography-font-size);--awb-caption-title-transform:var(--h2_typography-text-transform);--awb-caption-title-line-height:var(--h2_typography-line-height);--awb-caption-title-letter-spacing:var(--h2_typography-letter-spacing);\"><span class=\" fusion-imageframe imageframe-none imageframe-9 awb-imageframe-style awb-imageframe-style-resa has-aspect-ratio\"><a class=\"fusion-no-lightbox\" href=\"https:\/\/www.castka.at\/de\/?page_id=3634\" target=\"_self\" aria-label=\"pf_romo-04\"><img decoding=\"async\" width=\"650\" height=\"908\" src=\"https:\/\/www.castka.at\/de\/wp-content\/uploads\/2015\/06\/pf_romo-04.jpg\" class=\"img-responsive wp-image-3256 img-with-aspect-ratio\" data-parent-fit=\"cover\" data-parent-container=\".fusion-image-element\" alt srcset=\"https:\/\/www.castka.at\/de\/wp-content\/uploads\/2015\/06\/pf_romo-04-172x240.jpg 172w, https:\/\/www.castka.at\/de\/wp-content\/uploads\/2015\/06\/pf_romo-04-215x300.jpg 215w, https:\/\/www.castka.at\/de\/wp-content\/uploads\/2015\/06\/pf_romo-04-412x576.jpg 412w, https:\/\/www.castka.at\/de\/wp-content\/uploads\/2015\/06\/pf_romo-04-550x768.jpg 550w, https:\/\/www.castka.at\/de\/wp-content\/uploads\/2015\/06\/pf_romo-04.jpg 650w\" sizes=\"(max-width: 650px) 100vw, 650px\" \/><div class=\"awb-imageframe-caption-container\"><div class=\"awb-imageframe-caption\"><h2 class=\"awb-imageframe-caption-title\">ROMO: EIN HAUCH VON LUXUS<\/h2><\/div><\/div><\/a><\/span><\/div><\/div><\/div><\/div><\/div><\/div><\/div><\/div><\/p>\n","protected":false},"excerpt":{"rendered":"","protected":false},"author":1,"featured_media":0,"parent":1409,"menu_order":0,"comment_status":"closed","ping_status":"closed","template":"100-width.php","meta":{"footnotes":""},"class_list":["post-3630","page","type-page","status-publish","hentry"],"_links":{"self":[{"href":"https:\/\/www.castka.at\/de\/wp-json\/wp\/v2\/pages\/3630","targetHints":{"allow":["GET"]}}],"collection":[{"href":"https:\/\/www.castka.at\/de\/wp-json\/wp\/v2\/pages"}],"about":[{"href":"https:\/\/www.castka.at\/de\/wp-json\/wp\/v2\/types\/page"}],"author":[{"embeddable":true,"href":"https:\/\/www.castka.at\/de\/wp-json\/wp\/v2\/users\/1"}],"replies":[{"embeddable":true,"href":"https:\/\/www.castka.at\/de\/wp-json\/wp\/v2\/comments?post=3630"}],"version-history":[{"count":5,"href":"https:\/\/www.castka.at\/de\/wp-json\/wp\/v2\/pages\/3630\/revisions"}],"predecessor-version":[{"id":3673,"href":"https:\/\/www.castka.at\/de\/wp-json\/wp\/v2\/pages\/3630\/revisions\/3673"}],"up":[{"embeddable":true,"href":"https:\/\/www.castka.at\/de\/wp-json\/wp\/v2\/pages\/1409"}],"wp:attachment":[{"href":"https:\/\/www.castka.at\/de\/wp-json\/wp\/v2\/media?parent=3630"}],"curies":[{"name":"wp","href":"https:\/\/api.w.org\/{rel}","templated":true}]}}